{"id":36680,"date":"2023-10-03T15:13:45","date_gmt":"2023-10-03T19:13:45","guid":{"rendered":"https:\/\/360.agency\/ford-study-download-page\/"},"modified":"2023-12-18T13:47:22","modified_gmt":"2023-12-18T18:47:22","slug":"etude-ford-page-telechargement","status":"publish","type":"page","link":"https:\/\/360.agency\/fr\/etude-ford-page-telechargement\/","title":{"rendered":"etude-Ford-page-telechargement"},"content":{"rendered":"<div class=\"wpb-content-wrapper\"><p>[vc_row][vc_column][vc_single_image image=\u00a0\u00bb37314&Prime; img_size=\u00a0\u00bbfull\u00a0\u00bb alignment=\u00a0\u00bbcenter\u00a0\u00bb onclick=\u00a0\u00bbcustom_link\u00a0\u00bb img_link_target=\u00a0\u00bb_blank\u00a0\u00bb link=\u00a0\u00bbhttps:\/\/360.agency\/wp-content\/uploads\/2023\/09\/etude-de-performances-des-sites-web-Ford-au-Canada.pdf\u00a0\u00bb][vc_column_text]<\/p>\n<p style=\"text-align: center;\"><span style=\"color: #000000;\"><span style=\"font-family: Roboto;\"><span style=\"font-size: 32px;\"><b><span style=\"font-size: 18pt;\"><span style=\"font-size: 14pt;\">T\u00c9L\u00c9CHARGEZ GRATUITEMENT L&rsquo;\u00c9TUDE DE PERFORMANCE DES SITES WEB FORD AU CANADA<\/span><br \/>\n<\/span><\/b><\/span><\/span><\/span><em><span style=\"font-family: Roboto;\">T\u00e9l\u00e9chargez gratuitement cette \u00e9tude approfondie \u00e9valuant les performances de 162 sites web de concessionnaires FORD au Canada.<\/span><\/em><\/p>\n<p>[\/vc_column_text][vc_btn title=\u00a0\u00bb&gt;&gt; T\u00c9L\u00c9CHARGEZ L&rsquo;\u00c9TUDE &lt;&lt;&lt;\u00a0\u00bb style=\u00a0\u00bbcustom\u00a0\u00bb custom_background=\u00a0\u00bb#f2658b\u00a0\u00bb custom_text=\u00a0\u00bb#ffffff\u00a0\u00bb shape=\u00a0\u00bbsquare\u00a0\u00bb size=\u00a0\u00bblg\u00a0\u00bb align=\u00a0\u00bbcenter\u00a0\u00bb css_animation=\u00a0\u00bbnone\u00a0\u00bb link=\u00a0\u00bburl:https%3A%2F%2F360.agency%2Fwp-content%2Fuploads%2F2023%2F09%2Fetude-de-performances-des-sites-web-Ford-au-Canada.pdf|target:_blank\u00a0\u00bb][\/vc_column][\/vc_row][vc_row css=\u00a0\u00bb.vc_custom_1695659197333{background-color: #2677bf !important;}\u00a0\u00bb][vc_column][vc_row_inner content_placement=\u00a0\u00bbtop\u00a0\u00bb gap=\u00a0\u00bb5&Prime; css=\u00a0\u00bb.vc_custom_1695659266348{padding: 20px !important;}\u00a0\u00bb][vc_column_inner width=\u00a0\u00bb1\/2&Prime;][vc_single_image image=\u00a0\u00bb36484&Prime; img_size=\u00a0\u00bbfull\u00a0\u00bb alignment=\u00a0\u00bbcenter\u00a0\u00bb onclick=\u00a0\u00bbcustom_link\u00a0\u00bb link=\u00a0\u00bbhttps:\/\/360.agency\/wp-content\/uploads\/2023\/09\/Performance-study-of-Ford-websites-in-Canada-1.pdf\u00a0\u00bb][\/vc_column_inner][vc_column_inner width=\u00a0\u00bb1\/2&Prime; css=\u00a0\u00bb.vc_custom_1696362813780{margin-right: 20px !important;padding-top: 20px !important;padding-right: 20px !important;padding-bottom: 20px !important;padding-left: 20px !important;}\u00a0\u00bb][vc_column_text]<\/p>\n<p style=\"text-align: left;\"><span style=\"color: #ffffff;\"><strong><span style=\"font-size: 1rem; font-family: Roboto;\"><span style=\"font-size: 18pt;\">Nous vous remercions de l&rsquo;int\u00e9r\u00eat que vous portez \u00e0 notre \u00e9tude.<br \/>\n<\/span><\/span><\/strong><span style=\"font-size: 1rem; font-family: Roboto;\"><span style=\"font-size: 18pt;\"><span style=\"font-size: 12pt;\">Vous pouvez t\u00e9l\u00e9charger le document ici :<\/span><\/span><\/span><strong><span style=\"font-size: 1rem; font-family: Roboto;\"><br \/>\n<\/span><\/strong><\/span><\/p>\n<p>[\/vc_column_text][vc_btn title=\u00a0\u00bb&gt;&gt; T\u00c9L\u00c9CHARGEZ L&rsquo;\u00c9TUDE &lt;&lt;&lt;\u00a0\u00bb style=\u00a0\u00bbcustom\u00a0\u00bb custom_background=\u00a0\u00bb#f2658b\u00a0\u00bb custom_text=\u00a0\u00bb#ffffff\u00a0\u00bb shape=\u00a0\u00bbsquare\u00a0\u00bb size=\u00a0\u00bblg\u00a0\u00bb align=\u00a0\u00bbcenter\u00a0\u00bb css_animation=\u00a0\u00bbnone\u00a0\u00bb button_block=\u00a0\u00bbtrue\u00a0\u00bb link=\u00a0\u00bburl:https%3A%2F%2F360.agency%2Fwp-content%2Fuploads%2F2023%2F09%2Fetude-de-performances-des-sites-web-Ford-au-Canada.pdf|target:_blank\u00a0\u00bb][vc_column_text]<span style=\"font-family: Roboto; color: #ffffff;\">Nous esp\u00e9rons que cette \u00e9tude vous sera d&rsquo;une grande utilit\u00e9 pour am\u00e9liorer les performances de votre site web, optimiser votre pr\u00e9sence en ligne, attirer plus de clients et rester comp\u00e9titif dans l&rsquo;industrie automobile.<\/span><\/p>\n<p><span style=\"font-family: Roboto; color: #ffffff;\">Nous vous souhaitons une bonne lecture.<\/span><\/p>\n<p><span style=\"font-family: Roboto; color: #ffffff;\">L&rsquo;\u00e9quipe de 360.Agency<\/span>[\/vc_column_text][\/vc_column_inner][\/vc_row_inner][\/vc_column][\/vc_row][vc_row][vc_column][vc_empty_space][vc_column_text]Cette \u00e9tude, sponsoris\u00e9e par Netmedia 360 et men\u00e9e entre avril et ao\u00fbt 2023, repose sur une \u00e9valuation minutieuse de la performance des sites web \u00e0 l\u2019aide de l\u2019outil tiers d\u2019\u00e9valuation de la performance, Sitechecker.[\/vc_column_text][vc_column_text]<strong><span style=\"font-family: Roboto; font-size: 14pt;\">Dans cette \u00e9tude vous retrouverez :\u00a0<\/span><\/strong>[\/vc_column_text][vc_row_inner equal_height=\u00a0\u00bbyes\u00a0\u00bb content_placement=\u00a0\u00bbtop\u00a0\u00bb gap=\u00a0\u00bb5&Prime;][vc_column_inner width=\u00a0\u00bb1\/6&Prime;][vc_single_image image=\u00a0\u00bb36340&Prime; img_size=\u00a0\u00bbfull\u00a0\u00bb alignment=\u00a0\u00bbright\u00a0\u00bb][\/vc_column_inner][vc_column_inner width=\u00a0\u00bb2\/6&Prime;][vc_column_text]<span style=\"font-weight: 400; font-family: Roboto; font-size: 10pt;\"><span style=\"font-weight: 400;\"><span style=\"font-size: 12pt;\"><strong>Les principaux param\u00e8tres de performance.<\/strong><\/span><br \/>\n<\/span><\/span><span style=\"font-family: Roboto; font-size: 10pt;\">Nous avons analys\u00e9 les Scores de Performance (un indicateur essentiel) et les Erreurs Critiques (impact majeur sur la performance) de chaque site web \u00e9valu\u00e9.<\/span>[\/vc_column_text][\/vc_column_inner][vc_column_inner width=\u00a0\u00bb1\/6&Prime;][vc_single_image image=\u00a0\u00bb36560&Prime; img_size=\u00a0\u00bbfull\u00a0\u00bb alignment=\u00a0\u00bbright\u00a0\u00bb][\/vc_column_inner][vc_column_inner width=\u00a0\u00bb2\/6&Prime;][vc_column_text]<span style=\"font-family: Roboto; font-size: 10pt;\"><span style=\"font-size: 12pt;\"><strong>Des cl\u00e9s d\u2019am\u00e9lioration.<br \/>\n<\/strong><\/span><\/span><span style=\"font-family: Roboto; font-size: 10pt;\"><span style=\"font-weight: 400;\">Nous avons identifi\u00e9 plusieurs crit\u00e8res cruciaux qui ont un impact significatif sur la performance globale des sites web des concessionnaires FORD.<\/span><\/span>[\/vc_column_text][\/vc_column_inner][\/vc_row_inner][vc_row_inner equal_height=\u00a0\u00bbyes\u00a0\u00bb content_placement=\u00a0\u00bbtop\u00a0\u00bb gap=\u00a0\u00bb5&Prime;][vc_column_inner width=\u00a0\u00bb1\/6&Prime;][vc_single_image image=\u00a0\u00bb36562&Prime; img_size=\u00a0\u00bbfull\u00a0\u00bb alignment=\u00a0\u00bbright\u00a0\u00bb][\/vc_column_inner][vc_column_inner width=\u00a0\u00bb2\/6&Prime;][vc_column_text]<span style=\"font-weight: 400; font-family: Roboto; font-size: 10pt;\"><span style=\"font-weight: 400;\"><strong><span style=\"font-size: 12pt;\">Une comparaison des r\u00e9sultats moyens par fournisseurs.<\/span><\/strong><br \/>\nL\u2019\u00e9tude inclut une comparaison d\u00e9taill\u00e9e des r\u00e9sultats moyens des audits de performance des sites web FORD par fournisseurs, vous permettant de prendre des d\u00e9cisions \u00e9clair\u00e9es concernant vos partenariats num\u00e9riques.<\/span><\/span>[\/vc_column_text][\/vc_column_inner][vc_column_inner width=\u00a0\u00bb1\/6&Prime;][vc_single_image image=\u00a0\u00bb36564&Prime; img_size=\u00a0\u00bbfull\u00a0\u00bb alignment=\u00a0\u00bbright\u00a0\u00bb][\/vc_column_inner][vc_column_inner width=\u00a0\u00bb2\/6&Prime;][vc_column_text]<span style=\"font-weight: 400; font-family: Roboto; font-size: 10pt;\"><strong><span style=\"font-size: 12pt;\">Une analyse comparative par province.<\/span><\/strong><br \/>\n<span style=\"font-weight: 400;\">Nous avons \u00e9galement r\u00e9alis\u00e9 une analyse comparative des sites web FORD par province, mettant en \u00e9vidence les tendances et les diff\u00e9rences r\u00e9gionales qui pourraient influencer votre strat\u00e9gie num\u00e9rique.<\/span><\/span>[\/vc_column_text][\/vc_column_inner][\/vc_row_inner][vc_empty_space height=\u00a0\u00bb60px\u00a0\u00bb][\/vc_column][\/vc_row][vc_row css=\u00a0\u00bb.vc_custom_1695659755007{background-color: #c4dfff !important;}\u00a0\u00bb][vc_column css=\u00a0\u00bb.vc_custom_1695659783493{margin-top: 0px !important;margin-right: 20px !important;margin-bottom: 0px !important;margin-left: 20px !important;padding-top: 20px !important;padding-right: 20px !important;padding-bottom: 20px !important;padding-left: 20px !important;}\u00a0\u00bb][vc_row_inner content_placement=\u00a0\u00bbmiddle\u00a0\u00bb][vc_column_inner width=\u00a0\u00bb1\/2&Prime;][vc_single_image image=\u00a0\u00bb7479&Prime; img_size=\u00a0\u00bbFull\u00a0\u00bb][\/vc_column_inner][vc_column_inner width=\u00a0\u00bb1\/2&Prime;][vc_column_text]<strong><span style=\"font-size: 14pt; color: #333333;\"><span style=\"font-family: Roboto;\">Vous souhaitez b\u00e9n\u00e9ficier d\u2019une exp\u00e9rience en ligne optimale ?<br \/>\n<\/span><\/span><\/strong><span style=\"font-size: 12pt; color: #333333;\"><span style=\"font-family: Roboto;\">Int\u00e9grez notre solution de site web et devenez l\u2019un de nos clients satisfaits d\u00e8s aujourd\u2019hui.<\/span><\/span>[\/vc_column_text][vc_btn title=\u00a0\u00bbD\u00e9couvrez DEALER WEBSITE 360&Prime; style=\u00a0\u00bboutline\u00a0\u00bb shape=\u00a0\u00bbsquare\u00a0\u00bb color=\u00a0\u00bbblack\u00a0\u00bb link=\u00a0\u00bburl:https%3A%2F%2F360.agency%2Ffr%2Fsolutions-pour-concessionnaires-automobiles%2Fsolutions-automobiles-web-mobile%2Fsites-web-sur-mesure%2F\u00a0\u00bb][\/vc_column_inner][\/vc_row_inner][\/vc_column][\/vc_row][vc_row][vc_column][vc_empty_space height=\u00a0\u00bb40px\u00a0\u00bb][\/vc_column][\/vc_row]<\/p>\n<\/div><!-- AddThis Advanced Settings generic via filter on the_content --><!-- AddThis Share Buttons generic via filter on the_content -->","protected":false},"excerpt":{"rendered":"<p>[vc_row][vc_column][vc_single_image image=\u00a0\u00bb37314&Prime; img_size=\u00a0\u00bbfull\u00a0\u00bb alignment=\u00a0\u00bbcenter\u00a0\u00bb onclick=\u00a0\u00bbcustom_link\u00a0\u00bb img_link_target=\u00a0\u00bb_blank\u00a0\u00bb link=\u00a0\u00bbhttps:\/\/360.agency\/wp-content\/uploads\/2023\/09\/etude-de-performances-des-sites-web-Ford-au-Canada.pdf\u00a0\u00bb][vc_column_text] T\u00c9L\u00c9CHARGEZ GRATUITEMENT L&rsquo;\u00c9TUDE DE PERFORMANCE DES SITES WEB FORD AU CANADA T\u00e9l\u00e9chargez gratuitement cette \u00e9tude approfondie \u00e9valuant les performances de 162 sites web de concessionnaires FORD au Canada. [\/vc_column_text][vc_btn title=\u00a0\u00bb&gt;&gt; T\u00c9L\u00c9CHARGEZ L&rsquo;\u00c9TUDE &lt;&lt;&lt;\u00a0\u00bb style=\u00a0\u00bbcustom\u00a0\u00bb custom_background=\u00a0\u00bb#f2658b\u00a0\u00bb custom_text=\u00a0\u00bb#ffffff\u00a0\u00bb shape=\u00a0\u00bbsquare\u00a0\u00bb size=\u00a0\u00bblg\u00a0\u00bb align=\u00a0\u00bbcenter\u00a0\u00bb css_animation=\u00a0\u00bbnone\u00a0\u00bb link=\u00a0\u00bburl:https%3A%2F%2F360.agency%2Fwp-content%2Fuploads%2F2023%2F09%2Fetude-de-performances-des-sites-web-Ford-au-Canada.pdf|target:_blank\u00a0\u00bb][\/vc_column][\/vc_row][vc_row css=\u00a0\u00bb.vc_custom_1695659197333{background-color: #2677bf !important;}\u00a0\u00bb][vc_column][vc_row_inner content_placement=\u00a0\u00bbtop\u00a0\u00bb gap=\u00a0\u00bb5&Prime; css=\u00a0\u00bb.vc_custom_1695659266348{padding: 20px &hellip; <\/p>\n<p class=\"link-more\"><a href=\"https:\/\/360.agency\/fr\/etude-ford-page-telechargement\/\" class=\"more-link\">Continuer la lecture<span class=\"screen-reader-text\"> de &laquo;&nbsp;etude-Ford-page-telechargement&nbsp;&raquo;<\/span><\/a><\/p>\n<p><!-- AddThis Advanced Settings generic via filter on get_the_excerpt --><!-- AddThis Share Buttons generic via filter on get_the_excerpt --><\/p>\n","protected":false},"author":26,"featured_media":0,"parent":0,"menu_order":0,"comment_status":"closed","ping_status":"closed","template":"","meta":{"footnotes":""},"class_list":["post-36680","page","type-page","status-publish","hentry"],"yoast_head":"<!-- This site is optimized with the Yoast SEO plugin v27.3 - https:\/\/yoast.com\/product\/yoast-seo-wordpress\/ -->\n<title>etude-Ford-page-telechargement &#8226; 360.Agency<\/title>\n<meta name=\"robots\" content=\"index, follow, max-snippet:-1, max-image-preview:large, max-video-preview:-1\" \/>\n<link rel=\"canonical\" href=\"https:\/\/360.agency\/fr\/etude-ford-page-telechargement\/\" \/>\n<meta property=\"og:locale\" content=\"fr_FR\" \/>\n<meta property=\"og:type\" content=\"article\" \/>\n<meta property=\"og:title\" content=\"etude-Ford-page-telechargement &#8226; 360.Agency\" \/>\n<meta property=\"og:description\" content=\"[vc_row][vc_column][vc_single_image image=\u00a0\u00bb37314&Prime; img_size=\u00a0\u00bbfull\u00a0\u00bb alignment=\u00a0\u00bbcenter\u00a0\u00bb onclick=\u00a0\u00bbcustom_link\u00a0\u00bb img_link_target=\u00a0\u00bb_blank\u00a0\u00bb link=\u00a0\u00bbhttps:\/\/360.agency\/wp-content\/uploads\/2023\/09\/etude-de-performances-des-sites-web-Ford-au-Canada.pdf\u00a0\u00bb][vc_column_text] T\u00c9L\u00c9CHARGEZ GRATUITEMENT L&rsquo;\u00c9TUDE DE PERFORMANCE DES SITES WEB FORD AU CANADA T\u00e9l\u00e9chargez gratuitement cette \u00e9tude approfondie \u00e9valuant les performances de 162 sites web de concessionnaires FORD au Canada. [\/vc_column_text][vc_btn title=\u00a0\u00bb&gt;&gt; T\u00c9L\u00c9CHARGEZ L&rsquo;\u00c9TUDE &lt;&lt;&lt;\u00a0\u00bb style=\u00a0\u00bbcustom\u00a0\u00bb custom_background=\u00a0\u00bb#f2658b\u00a0\u00bb custom_text=\u00a0\u00bb#ffffff\u00a0\u00bb shape=\u00a0\u00bbsquare\u00a0\u00bb size=\u00a0\u00bblg\u00a0\u00bb align=\u00a0\u00bbcenter\u00a0\u00bb css_animation=\u00a0\u00bbnone\u00a0\u00bb link=\u00a0\u00bburl:https%3A%2F%2F360.agency%2Fwp-content%2Fuploads%2F2023%2F09%2Fetude-de-performances-des-sites-web-Ford-au-Canada.pdf|target:_blank\u00a0\u00bb][\/vc_column][\/vc_row][vc_row css=\u00a0\u00bb.vc_custom_1695659197333{background-color: #2677bf !important;}\u00a0\u00bb][vc_column][vc_row_inner content_placement=\u00a0\u00bbtop\u00a0\u00bb gap=\u00a0\u00bb5&Prime; css=\u00a0\u00bb.vc_custom_1695659266348{padding: 20px &hellip; Continuer la lecture de &laquo;&nbsp;etude-Ford-page-telechargement&nbsp;&raquo;\" \/>\n<meta property=\"og:url\" content=\"https:\/\/360.agency\/fr\/etude-ford-page-telechargement\/\" \/>\n<meta property=\"og:site_name\" content=\"360.Agency\" \/>\n<meta property=\"article:publisher\" content=\"https:\/\/www.facebook.com\/360.agencymtl\" \/>\n<meta property=\"article:modified_time\" content=\"2023-12-18T18:47:22+00:00\" \/>\n<meta name=\"twitter:card\" content=\"summary_large_image\" \/>\n<meta name=\"twitter:label1\" content=\"Dur\u00e9e de lecture est.\" \/>\n\t<meta name=\"twitter:data1\" content=\"3 minutes\" \/>\n<script type=\"application\/ld+json\" class=\"yoast-schema-graph\">{\"@context\":\"https:\\\/\\\/schema.org\",\"@graph\":[{\"@type\":\"WebPage\",\"@id\":\"https:\\\/\\\/360.agency\\\/fr\\\/etude-ford-page-telechargement\\\/\",\"url\":\"https:\\\/\\\/360.agency\\\/fr\\\/etude-ford-page-telechargement\\\/\",\"name\":\"etude-Ford-page-telechargement &#8226; 360.Agency\",\"isPartOf\":{\"@id\":\"https:\\\/\\\/360.agency\\\/en\\\/#website\"},\"datePublished\":\"2023-10-03T19:13:45+00:00\",\"dateModified\":\"2023-12-18T18:47:22+00:00\",\"breadcrumb\":{\"@id\":\"https:\\\/\\\/360.agency\\\/fr\\\/etude-ford-page-telechargement\\\/#breadcrumb\"},\"inLanguage\":\"fr-FR\",\"potentialAction\":[{\"@type\":\"ReadAction\",\"target\":[\"https:\\\/\\\/360.agency\\\/fr\\\/etude-ford-page-telechargement\\\/\"]}]},{\"@type\":\"BreadcrumbList\",\"@id\":\"https:\\\/\\\/360.agency\\\/fr\\\/etude-ford-page-telechargement\\\/#breadcrumb\",\"itemListElement\":[{\"@type\":\"ListItem\",\"position\":1,\"name\":\"Home\",\"item\":\"https:\\\/\\\/360.agency\\\/fr\\\/\"},{\"@type\":\"ListItem\",\"position\":2,\"name\":\"etude-Ford-page-telechargement\"}]},{\"@type\":\"WebSite\",\"@id\":\"https:\\\/\\\/360.agency\\\/en\\\/#website\",\"url\":\"https:\\\/\\\/360.agency\\\/en\\\/\",\"name\":\"360.Agency\",\"description\":\"\",\"publisher\":{\"@id\":\"https:\\\/\\\/360.agency\\\/en\\\/#organization\"},\"potentialAction\":[{\"@type\":\"SearchAction\",\"target\":{\"@type\":\"EntryPoint\",\"urlTemplate\":\"https:\\\/\\\/360.agency\\\/en\\\/?s={search_term_string}\"},\"query-input\":{\"@type\":\"PropertyValueSpecification\",\"valueRequired\":true,\"valueName\":\"search_term_string\"}}],\"inLanguage\":\"fr-FR\"},{\"@type\":\"Organization\",\"@id\":\"https:\\\/\\\/360.agency\\\/en\\\/#organization\",\"name\":\"360.Agency\",\"url\":\"https:\\\/\\\/360.agency\\\/en\\\/\",\"logo\":{\"@type\":\"ImageObject\",\"inLanguage\":\"fr-FR\",\"@id\":\"https:\\\/\\\/360.agency\\\/en\\\/#\\\/schema\\\/logo\\\/image\\\/\",\"url\":\"https:\\\/\\\/360.agency\\\/wp-content\\\/uploads\\\/2021\\\/09\\\/logo_dark_360.agency-400x135-1.png\",\"contentUrl\":\"https:\\\/\\\/360.agency\\\/wp-content\\\/uploads\\\/2021\\\/09\\\/logo_dark_360.agency-400x135-1.png\",\"width\":400,\"height\":135,\"caption\":\"360.Agency\"},\"image\":{\"@id\":\"https:\\\/\\\/360.agency\\\/en\\\/#\\\/schema\\\/logo\\\/image\\\/\"},\"sameAs\":[\"https:\\\/\\\/www.facebook.com\\\/360.agencymtl\",\"https:\\\/\\\/www.instagram.com\\\/360.agencymtl\\\/\",\"https:\\\/\\\/www.linkedin.com\\\/company\\\/9325060\",\"https:\\\/\\\/www.youtube.com\\\/channel\\\/UCW_KTNCIkbBdCJYZUSACJBQ\"]}]}<\/script>\n<!-- \/ Yoast SEO plugin. -->","yoast_head_json":{"title":"etude-Ford-page-telechargement &#8226; 360.Agency","robots":{"index":"index","follow":"follow","max-snippet":"max-snippet:-1","max-image-preview":"max-image-preview:large","max-video-preview":"max-video-preview:-1"},"canonical":"https:\/\/360.agency\/fr\/etude-ford-page-telechargement\/","og_locale":"fr_FR","og_type":"article","og_title":"etude-Ford-page-telechargement &#8226; 360.Agency","og_description":"[vc_row][vc_column][vc_single_image image=\u00a0\u00bb37314&Prime; img_size=\u00a0\u00bbfull\u00a0\u00bb alignment=\u00a0\u00bbcenter\u00a0\u00bb onclick=\u00a0\u00bbcustom_link\u00a0\u00bb img_link_target=\u00a0\u00bb_blank\u00a0\u00bb link=\u00a0\u00bbhttps:\/\/360.agency\/wp-content\/uploads\/2023\/09\/etude-de-performances-des-sites-web-Ford-au-Canada.pdf\u00a0\u00bb][vc_column_text] T\u00c9L\u00c9CHARGEZ GRATUITEMENT L&rsquo;\u00c9TUDE DE PERFORMANCE DES SITES WEB FORD AU CANADA T\u00e9l\u00e9chargez gratuitement cette \u00e9tude approfondie \u00e9valuant les performances de 162 sites web de concessionnaires FORD au Canada. [\/vc_column_text][vc_btn title=\u00a0\u00bb&gt;&gt; T\u00c9L\u00c9CHARGEZ L&rsquo;\u00c9TUDE &lt;&lt;&lt;\u00a0\u00bb style=\u00a0\u00bbcustom\u00a0\u00bb custom_background=\u00a0\u00bb#f2658b\u00a0\u00bb custom_text=\u00a0\u00bb#ffffff\u00a0\u00bb shape=\u00a0\u00bbsquare\u00a0\u00bb size=\u00a0\u00bblg\u00a0\u00bb align=\u00a0\u00bbcenter\u00a0\u00bb css_animation=\u00a0\u00bbnone\u00a0\u00bb link=\u00a0\u00bburl:https%3A%2F%2F360.agency%2Fwp-content%2Fuploads%2F2023%2F09%2Fetude-de-performances-des-sites-web-Ford-au-Canada.pdf|target:_blank\u00a0\u00bb][\/vc_column][\/vc_row][vc_row css=\u00a0\u00bb.vc_custom_1695659197333{background-color: #2677bf !important;}\u00a0\u00bb][vc_column][vc_row_inner content_placement=\u00a0\u00bbtop\u00a0\u00bb gap=\u00a0\u00bb5&Prime; css=\u00a0\u00bb.vc_custom_1695659266348{padding: 20px &hellip; Continuer la lecture de &laquo;&nbsp;etude-Ford-page-telechargement&nbsp;&raquo;","og_url":"https:\/\/360.agency\/fr\/etude-ford-page-telechargement\/","og_site_name":"360.Agency","article_publisher":"https:\/\/www.facebook.com\/360.agencymtl","article_modified_time":"2023-12-18T18:47:22+00:00","twitter_card":"summary_large_image","twitter_misc":{"Dur\u00e9e de lecture est.":"3 minutes"},"schema":{"@context":"https:\/\/schema.org","@graph":[{"@type":"WebPage","@id":"https:\/\/360.agency\/fr\/etude-ford-page-telechargement\/","url":"https:\/\/360.agency\/fr\/etude-ford-page-telechargement\/","name":"etude-Ford-page-telechargement &#8226; 360.Agency","isPartOf":{"@id":"https:\/\/360.agency\/en\/#website"},"datePublished":"2023-10-03T19:13:45+00:00","dateModified":"2023-12-18T18:47:22+00:00","breadcrumb":{"@id":"https:\/\/360.agency\/fr\/etude-ford-page-telechargement\/#breadcrumb"},"inLanguage":"fr-FR","potentialAction":[{"@type":"ReadAction","target":["https:\/\/360.agency\/fr\/etude-ford-page-telechargement\/"]}]},{"@type":"BreadcrumbList","@id":"https:\/\/360.agency\/fr\/etude-ford-page-telechargement\/#breadcrumb","itemListElement":[{"@type":"ListItem","position":1,"name":"Home","item":"https:\/\/360.agency\/fr\/"},{"@type":"ListItem","position":2,"name":"etude-Ford-page-telechargement"}]},{"@type":"WebSite","@id":"https:\/\/360.agency\/en\/#website","url":"https:\/\/360.agency\/en\/","name":"360.Agency","description":"","publisher":{"@id":"https:\/\/360.agency\/en\/#organization"},"potentialAction":[{"@type":"SearchAction","target":{"@type":"EntryPoint","urlTemplate":"https:\/\/360.agency\/en\/?s={search_term_string}"},"query-input":{"@type":"PropertyValueSpecification","valueRequired":true,"valueName":"search_term_string"}}],"inLanguage":"fr-FR"},{"@type":"Organization","@id":"https:\/\/360.agency\/en\/#organization","name":"360.Agency","url":"https:\/\/360.agency\/en\/","logo":{"@type":"ImageObject","inLanguage":"fr-FR","@id":"https:\/\/360.agency\/en\/#\/schema\/logo\/image\/","url":"https:\/\/360.agency\/wp-content\/uploads\/2021\/09\/logo_dark_360.agency-400x135-1.png","contentUrl":"https:\/\/360.agency\/wp-content\/uploads\/2021\/09\/logo_dark_360.agency-400x135-1.png","width":400,"height":135,"caption":"360.Agency"},"image":{"@id":"https:\/\/360.agency\/en\/#\/schema\/logo\/image\/"},"sameAs":["https:\/\/www.facebook.com\/360.agencymtl","https:\/\/www.instagram.com\/360.agencymtl\/","https:\/\/www.linkedin.com\/company\/9325060","https:\/\/www.youtube.com\/channel\/UCW_KTNCIkbBdCJYZUSACJBQ"]}]}},"jetpack_sharing_enabled":true,"_links":{"self":[{"href":"https:\/\/360.agency\/fr\/wp-json\/wp\/v2\/pages\/36680","targetHints":{"allow":["GET"]}}],"collection":[{"href":"https:\/\/360.agency\/fr\/wp-json\/wp\/v2\/pages"}],"about":[{"href":"https:\/\/360.agency\/fr\/wp-json\/wp\/v2\/types\/page"}],"author":[{"embeddable":true,"href":"https:\/\/360.agency\/fr\/wp-json\/wp\/v2\/users\/26"}],"replies":[{"embeddable":true,"href":"https:\/\/360.agency\/fr\/wp-json\/wp\/v2\/comments?post=36680"}],"version-history":[{"count":8,"href":"https:\/\/360.agency\/fr\/wp-json\/wp\/v2\/pages\/36680\/revisions"}],"predecessor-version":[{"id":37929,"href":"https:\/\/360.agency\/fr\/wp-json\/wp\/v2\/pages\/36680\/revisions\/37929"}],"wp:attachment":[{"href":"https:\/\/360.agency\/fr\/wp-json\/wp\/v2\/media?parent=36680"}],"curies":[{"name":"wp","href":"https:\/\/api.w.org\/{rel}","templated":true}]}}