{"id":36066,"date":"2023-08-22T14:30:09","date_gmt":"2023-08-22T18:30:09","guid":{"rendered":"https:\/\/360.agency\/?page_id=36066"},"modified":"2023-08-22T14:51:53","modified_gmt":"2023-08-22T18:51:53","slug":"calendrier-webinaires","status":"publish","type":"page","link":"https:\/\/360.agency\/fr\/calendrier-webinaires\/","title":{"rendered":"Calendrier webinaires"},"content":{"rendered":"<div class=\"wpb-content-wrapper\"><p>[vc_row][vc_column][vc_single_image image=\u00a0\u00bb34427&Prime; img_size=\u00a0\u00bbFull\u00a0\u00bb][\/vc_column][\/vc_row][vc_row content_placement=\u00a0\u00bbtop\u00a0\u00bb][vc_column][vc_empty_space height=\u00a0\u00bb10px\u00a0\u00bb][vc_column_text]<\/p>\n<p style=\"text-align: center;\"><span style=\"font-family: Roboto;\"><span style=\"font-size: 18pt;\"><strong>Bienvenue dans nos WEBINAIRES Gratuits !<\/strong><\/span><br \/>\nConsultez les dates et horaires ci-dessous et inscrivez-vous aux formations qui vous int\u00e9resse via<\/span><span style=\"font-family: Roboto;\"> le formulaire accessible dans le detail de l&rsquo;\u00e9v\u00e8nement.<\/span><br \/>\n<span style=\"font-family: Roboto;\">Attention, les places sont limit\u00e9es.<\/span><\/p>\n<p>[\/vc_column_text][vc_empty_space height=\u00a0\u00bb20px\u00a0\u00bb][vc_raw_html]JTNDaWZyYW1lJTIwc3JjJTNEJTIyaHR0cHMlM0ElMkYlMkZjYWxlbmRhci5nb29nbGUuY29tJTJGY2FsZW5kYXIlMkZlbWJlZCUzRnNyYyUzRGNfNmZjNTgyYjllY2ZiMzYzY2I0ZjIxMDM3OWIxYTgwZmQ1NGMwNTEwNjc1NjJiNGY4MTE3YzBiY2UzNDM3NzA2YSUyNTQwZ3JvdXAuY2FsZW5kYXIuZ29vZ2xlLmNvbSUyNmN0eiUzREFtZXJpY2ElMjUyRlRvcm9udG8lMjIlMjBzdHlsZSUzRCUyMmJvcmRlciUzQSUyMDAlMjIlMjAlMjB3aWR0aCUzRCUyMjgwMCUyMiUyMGhlaWdodCUzRCUyMjYwMCUyMiUyMGZyYW1lYm9yZGVyJTNEJTIyMCUyMiUyMHNjcm9sbGluZyUzRCUyMm5vJTIyJTIwYWxpZ24lM0QlMjJjZW50ZXIlMjIlMjAlM0UlM0MlMkZpZnJhbWUlM0U=[\/vc_raw_html][\/vc_column][\/vc_row]<\/p>\n<\/div><!-- AddThis Advanced Settings generic via filter on the_content --><!-- AddThis Share Buttons generic via filter on the_content -->","protected":false},"excerpt":{"rendered":"<p>[vc_row][vc_column][vc_single_image image=\u00a0\u00bb34427&Prime; img_size=\u00a0\u00bbFull\u00a0\u00bb][\/vc_column][\/vc_row][vc_row content_placement=\u00a0\u00bbtop\u00a0\u00bb][vc_column][vc_empty_space height=\u00a0\u00bb10px\u00a0\u00bb][vc_column_text] Bienvenue dans nos WEBINAIRES Gratuits ! Consultez les dates et horaires ci-dessous et inscrivez-vous aux formations qui vous int\u00e9resse via le formulaire accessible dans le detail de l&rsquo;\u00e9v\u00e8nement. Attention, les places sont limit\u00e9es. [\/vc_column_text][vc_empty_space height=\u00a0\u00bb20px\u00a0\u00bb][vc_raw_html]JTNDaWZyYW1lJTIwc3JjJTNEJTIyaHR0cHMlM0ElMkYlMkZjYWxlbmRhci5nb29nbGUuY29tJTJGY2FsZW5kYXIlMkZlbWJlZCUzRnNyYyUzRGNfNmZjNTgyYjllY2ZiMzYzY2I0ZjIxMDM3OWIxYTgwZmQ1NGMwNTEwNjc1NjJiNGY4MTE3YzBiY2UzNDM3NzA2YSUyNTQwZ3JvdXAuY2FsZW5kYXIuZ29vZ2xlLmNvbSUyNmN0eiUzREFtZXJpY2ElMjUyRlRvcm9udG8lMjIlMjBzdHlsZSUzRCUyMmJvcmRlciUzQSUyMDAlMjIlMjAlMjB3aWR0aCUzRCUyMjgwMCUyMiUyMGhlaWdodCUzRCUyMjYwMCUyMiUyMGZyYW1lYm9yZGVyJTNEJTIyMCUyMiUyMHNjcm9sbGluZyUzRCUyMm5vJTIyJTIwYWxpZ24lM0QlMjJjZW50ZXIlMjIlMjAlM0UlM0MlMkZpZnJhbWUlM0U=[\/vc_raw_html][\/vc_column][\/vc_row]<!-- AddThis Advanced Settings generic via filter on get_the_excerpt --><!-- AddThis Share Buttons generic via filter on get_the_excerpt --><\/p>\n","protected":false},"author":26,"featured_media":0,"parent":0,"menu_order":0,"comment_status":"closed","ping_status":"closed","template":"","meta":{"footnotes":""},"class_list":["post-36066","page","type-page","status-publish","hentry"],"yoast_head":"<!-- This site is optimized with the Yoast SEO plugin v27.3 - https:\/\/yoast.com\/product\/yoast-seo-wordpress\/ -->\n<title>Calendrier webinaires &#8226; 360.Agency<\/title>\n<meta name=\"robots\" content=\"index, follow, max-snippet:-1, max-image-preview:large, max-video-preview:-1\" \/>\n<link rel=\"canonical\" href=\"https:\/\/360.agency\/fr\/calendrier-webinaires\/\" \/>\n<meta property=\"og:locale\" content=\"fr_FR\" \/>\n<meta property=\"og:type\" content=\"article\" \/>\n<meta property=\"og:title\" content=\"Calendrier webinaires &#8226; 360.Agency\" \/>\n<meta property=\"og:description\" content=\"[vc_row][vc_column][vc_single_image image=\u00a0\u00bb34427&Prime; img_size=\u00a0\u00bbFull\u00a0\u00bb][\/vc_column][\/vc_row][vc_row content_placement=\u00a0\u00bbtop\u00a0\u00bb][vc_column][vc_empty_space height=\u00a0\u00bb10px\u00a0\u00bb][vc_column_text] Bienvenue dans nos WEBINAIRES Gratuits ! Consultez les dates et horaires ci-dessous et inscrivez-vous aux formations qui vous int\u00e9resse via le formulaire accessible dans le detail de l&rsquo;\u00e9v\u00e8nement. Attention, les places sont limit\u00e9es. [\/vc_column_text][vc_empty_space height=\u00a0\u00bb20px\u00a0\u00bb][vc_raw_html]JTNDaWZyYW1lJTIwc3JjJTNEJTIyaHR0cHMlM0ElMkYlMkZjYWxlbmRhci5nb29nbGUuY29tJTJGY2FsZW5kYXIlMkZlbWJlZCUzRnNyYyUzRGNfNmZjNTgyYjllY2ZiMzYzY2I0ZjIxMDM3OWIxYTgwZmQ1NGMwNTEwNjc1NjJiNGY4MTE3YzBiY2UzNDM3NzA2YSUyNTQwZ3JvdXAuY2FsZW5kYXIuZ29vZ2xlLmNvbSUyNmN0eiUzREFtZXJpY2ElMjUyRlRvcm9udG8lMjIlMjBzdHlsZSUzRCUyMmJvcmRlciUzQSUyMDAlMjIlMjAlMjB3aWR0aCUzRCUyMjgwMCUyMiUyMGhlaWdodCUzRCUyMjYwMCUyMiUyMGZyYW1lYm9yZGVyJTNEJTIyMCUyMiUyMHNjcm9sbGluZyUzRCUyMm5vJTIyJTIwYWxpZ24lM0QlMjJjZW50ZXIlMjIlMjAlM0UlM0MlMkZpZnJhbWUlM0U=[\/vc_raw_html][\/vc_column][\/vc_row]\" \/>\n<meta property=\"og:url\" content=\"https:\/\/360.agency\/fr\/calendrier-webinaires\/\" \/>\n<meta property=\"og:site_name\" content=\"360.Agency\" \/>\n<meta property=\"article:publisher\" content=\"https:\/\/www.facebook.com\/360.agencymtl\" \/>\n<meta property=\"article:modified_time\" content=\"2023-08-22T18:51:53+00:00\" \/>\n<meta name=\"twitter:card\" content=\"summary_large_image\" \/>\n<meta name=\"twitter:label1\" content=\"Dur\u00e9e de lecture est.\" \/>\n\t<meta name=\"twitter:data1\" content=\"1 minute\" \/>\n<script type=\"application\/ld+json\" class=\"yoast-schema-graph\">{\"@context\":\"https:\\\/\\\/schema.org\",\"@graph\":[{\"@type\":\"WebPage\",\"@id\":\"https:\\\/\\\/360.agency\\\/fr\\\/calendrier-webinaires\\\/\",\"url\":\"https:\\\/\\\/360.agency\\\/fr\\\/calendrier-webinaires\\\/\",\"name\":\"Calendrier webinaires &#8226; 360.Agency\",\"isPartOf\":{\"@id\":\"https:\\\/\\\/360.agency\\\/en\\\/#website\"},\"datePublished\":\"2023-08-22T18:30:09+00:00\",\"dateModified\":\"2023-08-22T18:51:53+00:00\",\"breadcrumb\":{\"@id\":\"https:\\\/\\\/360.agency\\\/fr\\\/calendrier-webinaires\\\/#breadcrumb\"},\"inLanguage\":\"fr-FR\",\"potentialAction\":[{\"@type\":\"ReadAction\",\"target\":[\"https:\\\/\\\/360.agency\\\/fr\\\/calendrier-webinaires\\\/\"]}]},{\"@type\":\"BreadcrumbList\",\"@id\":\"https:\\\/\\\/360.agency\\\/fr\\\/calendrier-webinaires\\\/#breadcrumb\",\"itemListElement\":[{\"@type\":\"ListItem\",\"position\":1,\"name\":\"Home\",\"item\":\"https:\\\/\\\/360.agency\\\/fr\\\/\"},{\"@type\":\"ListItem\",\"position\":2,\"name\":\"Calendrier webinaires\"}]},{\"@type\":\"WebSite\",\"@id\":\"https:\\\/\\\/360.agency\\\/en\\\/#website\",\"url\":\"https:\\\/\\\/360.agency\\\/en\\\/\",\"name\":\"360.Agency\",\"description\":\"\",\"publisher\":{\"@id\":\"https:\\\/\\\/360.agency\\\/en\\\/#organization\"},\"potentialAction\":[{\"@type\":\"SearchAction\",\"target\":{\"@type\":\"EntryPoint\",\"urlTemplate\":\"https:\\\/\\\/360.agency\\\/en\\\/?s={search_term_string}\"},\"query-input\":{\"@type\":\"PropertyValueSpecification\",\"valueRequired\":true,\"valueName\":\"search_term_string\"}}],\"inLanguage\":\"fr-FR\"},{\"@type\":\"Organization\",\"@id\":\"https:\\\/\\\/360.agency\\\/en\\\/#organization\",\"name\":\"360.Agency\",\"url\":\"https:\\\/\\\/360.agency\\\/en\\\/\",\"logo\":{\"@type\":\"ImageObject\",\"inLanguage\":\"fr-FR\",\"@id\":\"https:\\\/\\\/360.agency\\\/en\\\/#\\\/schema\\\/logo\\\/image\\\/\",\"url\":\"https:\\\/\\\/360.agency\\\/wp-content\\\/uploads\\\/2021\\\/09\\\/logo_dark_360.agency-400x135-1.png\",\"contentUrl\":\"https:\\\/\\\/360.agency\\\/wp-content\\\/uploads\\\/2021\\\/09\\\/logo_dark_360.agency-400x135-1.png\",\"width\":400,\"height\":135,\"caption\":\"360.Agency\"},\"image\":{\"@id\":\"https:\\\/\\\/360.agency\\\/en\\\/#\\\/schema\\\/logo\\\/image\\\/\"},\"sameAs\":[\"https:\\\/\\\/www.facebook.com\\\/360.agencymtl\",\"https:\\\/\\\/www.instagram.com\\\/360.agencymtl\\\/\",\"https:\\\/\\\/www.linkedin.com\\\/company\\\/9325060\",\"https:\\\/\\\/www.youtube.com\\\/channel\\\/UCW_KTNCIkbBdCJYZUSACJBQ\"]}]}<\/script>\n<!-- \/ Yoast SEO plugin. -->","yoast_head_json":{"title":"Calendrier webinaires &#8226; 360.Agency","robots":{"index":"index","follow":"follow","max-snippet":"max-snippet:-1","max-image-preview":"max-image-preview:large","max-video-preview":"max-video-preview:-1"},"canonical":"https:\/\/360.agency\/fr\/calendrier-webinaires\/","og_locale":"fr_FR","og_type":"article","og_title":"Calendrier webinaires &#8226; 360.Agency","og_description":"[vc_row][vc_column][vc_single_image image=\u00a0\u00bb34427&Prime; img_size=\u00a0\u00bbFull\u00a0\u00bb][\/vc_column][\/vc_row][vc_row content_placement=\u00a0\u00bbtop\u00a0\u00bb][vc_column][vc_empty_space height=\u00a0\u00bb10px\u00a0\u00bb][vc_column_text] Bienvenue dans nos WEBINAIRES Gratuits ! Consultez les dates et horaires ci-dessous et inscrivez-vous aux formations qui vous int\u00e9resse via le formulaire accessible dans le detail de l&rsquo;\u00e9v\u00e8nement. Attention, les places sont limit\u00e9es. [\/vc_column_text][vc_empty_space height=\u00a0\u00bb20px\u00a0\u00bb][vc_raw_html]JTNDaWZyYW1lJTIwc3JjJTNEJTIyaHR0cHMlM0ElMkYlMkZjYWxlbmRhci5nb29nbGUuY29tJTJGY2FsZW5kYXIlMkZlbWJlZCUzRnNyYyUzRGNfNmZjNTgyYjllY2ZiMzYzY2I0ZjIxMDM3OWIxYTgwZmQ1NGMwNTEwNjc1NjJiNGY4MTE3YzBiY2UzNDM3NzA2YSUyNTQwZ3JvdXAuY2FsZW5kYXIuZ29vZ2xlLmNvbSUyNmN0eiUzREFtZXJpY2ElMjUyRlRvcm9udG8lMjIlMjBzdHlsZSUzRCUyMmJvcmRlciUzQSUyMDAlMjIlMjAlMjB3aWR0aCUzRCUyMjgwMCUyMiUyMGhlaWdodCUzRCUyMjYwMCUyMiUyMGZyYW1lYm9yZGVyJTNEJTIyMCUyMiUyMHNjcm9sbGluZyUzRCUyMm5vJTIyJTIwYWxpZ24lM0QlMjJjZW50ZXIlMjIlMjAlM0UlM0MlMkZpZnJhbWUlM0U=[\/vc_raw_html][\/vc_column][\/vc_row]","og_url":"https:\/\/360.agency\/fr\/calendrier-webinaires\/","og_site_name":"360.Agency","article_publisher":"https:\/\/www.facebook.com\/360.agencymtl","article_modified_time":"2023-08-22T18:51:53+00:00","twitter_card":"summary_large_image","twitter_misc":{"Dur\u00e9e de lecture est.":"1 minute"},"schema":{"@context":"https:\/\/schema.org","@graph":[{"@type":"WebPage","@id":"https:\/\/360.agency\/fr\/calendrier-webinaires\/","url":"https:\/\/360.agency\/fr\/calendrier-webinaires\/","name":"Calendrier webinaires &#8226; 360.Agency","isPartOf":{"@id":"https:\/\/360.agency\/en\/#website"},"datePublished":"2023-08-22T18:30:09+00:00","dateModified":"2023-08-22T18:51:53+00:00","breadcrumb":{"@id":"https:\/\/360.agency\/fr\/calendrier-webinaires\/#breadcrumb"},"inLanguage":"fr-FR","potentialAction":[{"@type":"ReadAction","target":["https:\/\/360.agency\/fr\/calendrier-webinaires\/"]}]},{"@type":"BreadcrumbList","@id":"https:\/\/360.agency\/fr\/calendrier-webinaires\/#breadcrumb","itemListElement":[{"@type":"ListItem","position":1,"name":"Home","item":"https:\/\/360.agency\/fr\/"},{"@type":"ListItem","position":2,"name":"Calendrier webinaires"}]},{"@type":"WebSite","@id":"https:\/\/360.agency\/en\/#website","url":"https:\/\/360.agency\/en\/","name":"360.Agency","description":"","publisher":{"@id":"https:\/\/360.agency\/en\/#organization"},"potentialAction":[{"@type":"SearchAction","target":{"@type":"EntryPoint","urlTemplate":"https:\/\/360.agency\/en\/?s={search_term_string}"},"query-input":{"@type":"PropertyValueSpecification","valueRequired":true,"valueName":"search_term_string"}}],"inLanguage":"fr-FR"},{"@type":"Organization","@id":"https:\/\/360.agency\/en\/#organization","name":"360.Agency","url":"https:\/\/360.agency\/en\/","logo":{"@type":"ImageObject","inLanguage":"fr-FR","@id":"https:\/\/360.agency\/en\/#\/schema\/logo\/image\/","url":"https:\/\/360.agency\/wp-content\/uploads\/2021\/09\/logo_dark_360.agency-400x135-1.png","contentUrl":"https:\/\/360.agency\/wp-content\/uploads\/2021\/09\/logo_dark_360.agency-400x135-1.png","width":400,"height":135,"caption":"360.Agency"},"image":{"@id":"https:\/\/360.agency\/en\/#\/schema\/logo\/image\/"},"sameAs":["https:\/\/www.facebook.com\/360.agencymtl","https:\/\/www.instagram.com\/360.agencymtl\/","https:\/\/www.linkedin.com\/company\/9325060","https:\/\/www.youtube.com\/channel\/UCW_KTNCIkbBdCJYZUSACJBQ"]}]}},"jetpack_sharing_enabled":true,"_links":{"self":[{"href":"https:\/\/360.agency\/fr\/wp-json\/wp\/v2\/pages\/36066","targetHints":{"allow":["GET"]}}],"collection":[{"href":"https:\/\/360.agency\/fr\/wp-json\/wp\/v2\/pages"}],"about":[{"href":"https:\/\/360.agency\/fr\/wp-json\/wp\/v2\/types\/page"}],"author":[{"embeddable":true,"href":"https:\/\/360.agency\/fr\/wp-json\/wp\/v2\/users\/26"}],"replies":[{"embeddable":true,"href":"https:\/\/360.agency\/fr\/wp-json\/wp\/v2\/comments?post=36066"}],"version-history":[{"count":12,"href":"https:\/\/360.agency\/fr\/wp-json\/wp\/v2\/pages\/36066\/revisions"}],"predecessor-version":[{"id":36085,"href":"https:\/\/360.agency\/fr\/wp-json\/wp\/v2\/pages\/36066\/revisions\/36085"}],"wp:attachment":[{"href":"https:\/\/360.agency\/fr\/wp-json\/wp\/v2\/media?parent=36066"}],"curies":[{"name":"wp","href":"https:\/\/api.w.org\/{rel}","templated":true}]}}