{"id":3379,"date":"2017-04-05T01:34:26","date_gmt":"2017-04-05T01:34:26","guid":{"rendered":"http:\/\/360.agency\/?page_id=3379\/"},"modified":"2023-11-13T14:34:33","modified_gmt":"2023-11-13T19:34:33","slug":"contact","status":"publish","type":"page","link":"https:\/\/360.agency\/fr\/solutions-pour-concessionnaires-automobiles\/consultants\/contact\/","title":{"rendered":"getstarted &#8211; consulting -FR"},"content":{"rendered":"<div class=\"wpb-content-wrapper\"><p>[vc_row css=\u00a0\u00bb.vc_custom_1490845175886{margin-top: 50px !important;}\u00a0\u00bb][vc_column width=\u00a0\u00bb1\/2&Prime; offset=\u00a0\u00bbvc_hidden-xs\u00a0\u00bb][vc_custom_heading text=\u00a0\u00bbVous souhaitez plus d&rsquo;informations sur nos solutions de consultation en d\u00e9veloppement des affaires ou en marketing web ?\u00a0\u00bb font_container=\u00a0\u00bbtag:h1|text_align:left\u00a0\u00bb google_fonts=\u00a0\u00bbfont_family:Roboto%3A100%2C100italic%2C300%2C300italic%2Cregular%2Citalic%2C500%2C500italic%2C700%2C700italic%2C900%2C900italic|font_style:300%20light%20regular%3A300%3Anormal\u00a0\u00bb el_class=\u00a0\u00bbtitle_primary\u00a0\u00bb css=\u00a0\u00bb.vc_custom_1621008650586{margin-top: 30px !important;margin-bottom: 5px !important;border-top-width: 0px !important;border-bottom-width: 0px !important;padding-top: 0px !important;padding-bottom: 0px !important;}\u00a0\u00bb][vc_column_text el_class=\u00a0\u00bbtext_regular\u00a0\u00bb css=\u00a0\u00bb.vc_custom_1491236215089{margin-top: 20px !important;margin-right: 50px !important;margin-bottom: 0px !important;}\u00a0\u00bb]<\/p>\n<p style=\"text-align: left;\">Tout l&rsquo;\u00e9quipe de 360.Agency se tient \u00e0\u00a0votre disposition pour r\u00e9pondre \u00e0\u00a0vos questions.<\/p>\n<p>[\/vc_column_text][vc_custom_heading text=\u00a0\u00bbVous pouvez \u00e9galement nous contacter par t\u00e9l\u00e9phone :\u00a0\u00bb font_container=\u00a0\u00bbtag:div|text_align:left\u00a0\u00bb google_fonts=\u00a0\u00bbfont_family:Roboto%3A100%2C100italic%2C300%2C300italic%2Cregular%2Citalic%2C500%2C500italic%2C700%2C700italic%2C900%2C900italic|font_style:500%20bold%20regular%3A500%3Anormal\u00a0\u00bb el_class=\u00a0\u00bbtext_regular\u00a0\u00bb css=\u00a0\u00bb.vc_custom_1491845282864{margin-top: 0px !important;margin-bottom: 5px !important;border-top-width: 0px !important;border-bottom-width: 0px !important;padding-top: 0px !important;padding-bottom: 0px !important;}\u00a0\u00bb][vc_custom_heading text=\u00a0\u00bb1 (833) 360-1955&Prime; font_container=\u00a0\u00bbtag:h2|font_size:30px|text_align:left|color:%23e14940&Prime; google_fonts=\u00a0\u00bbfont_family:Roboto%3A100%2C100italic%2C300%2C300italic%2Cregular%2Citalic%2C500%2C500italic%2C700%2C700italic%2C900%2C900italic|font_style:500%20bold%20regular%3A500%3Anormal\u00a0\u00bb css=\u00a0\u00bb.vc_custom_1551458366995{margin-top: 10px !important;margin-bottom: 5px !important;border-top-width: 0px !important;border-bottom-width: 0px !important;padding-top: 0px !important;padding-bottom: 0px !important;}\u00a0\u00bb][\/vc_column][vc_column width=\u00a0\u00bb1\/2&Prime; offset=\u00a0\u00bbvc_hidden-xs\u00a0\u00bb][\/vc_column][\/vc_row][vc_row css=\u00a0\u00bb.vc_custom_1491236523103{margin-top: 20px !important;}\u00a0\u00bb][vc_column offset=\u00a0\u00bbvc_hidden-lg vc_hidden-md vc_hidden-sm\u00a0\u00bb][vc_custom_heading text=\u00a0\u00bbVous souhaitez plus d&rsquo;informations sur nos solutions de consultation en d\u00e9veloppement des affaires ou en marketing web ?\u00a0\u00bb google_fonts=\u00a0\u00bbfont_family:Roboto%3A100%2C100italic%2C300%2C300italic%2Cregular%2Citalic%2C500%2C500italic%2C700%2C700italic%2C900%2C900italic|font_style:300%20light%20regular%3A300%3Anormal\u00a0\u00bb el_class=\u00a0\u00bbtitle_primary\u00a0\u00bb css=\u00a0\u00bb.vc_custom_1621008659535{margin-top: 20px !important;margin-bottom: 5px !important;border-top-width: 0px !important;border-bottom-width: 0px !important;padding-top: 0px !important;padding-bottom: 0px !important;}\u00a0\u00bb][vc_column_text el_class=\u00a0\u00bbtext_regular\u00a0\u00bb css=\u00a0\u00bb.vc_custom_1491236215089{margin-top: 20px !important;margin-right: 50px !important;margin-bottom: 0px !important;}\u00a0\u00bb]<\/p>\n<p style=\"text-align: left;\">Tout l&rsquo;\u00e9quipe de 360.Agency se tient \u00e0\u00a0votre disposition pour r\u00e9pondre \u00e0\u00a0vos questions.<\/p>\n<p>[\/vc_column_text][vc_custom_heading text=\u00a0\u00bbVous pouvez \u00e9galement nous contacter par t\u00e9l\u00e9phone :\u00a0\u00bb font_container=\u00a0\u00bbtag:div|text_align:left\u00a0\u00bb google_fonts=\u00a0\u00bbfont_family:Roboto%3A100%2C100italic%2C300%2C300italic%2Cregular%2Citalic%2C500%2C500italic%2C700%2C700italic%2C900%2C900italic|font_style:500%20bold%20regular%3A500%3Anormal\u00a0\u00bb el_class=\u00a0\u00bbtext_regular\u00a0\u00bb css=\u00a0\u00bb.vc_custom_1491845295263{margin-top: 0px !important;margin-bottom: 5px !important;border-top-width: 0px !important;border-bottom-width: 0px !important;padding-top: 0px !important;padding-bottom: 0px !important;}\u00a0\u00bb][vc_custom_heading text=\u00a0\u00bb1 (833) 360-1955&Prime; font_container=\u00a0\u00bbtag:h2|font_size:30px|text_align:left|color:%23e14940&Prime; google_fonts=\u00a0\u00bbfont_family:Roboto%3A100%2C100italic%2C300%2C300italic%2Cregular%2Citalic%2C500%2C500italic%2C700%2C700italic%2C900%2C900italic|font_style:500%20bold%20regular%3A500%3Anormal\u00a0\u00bb css=\u00a0\u00bb.vc_custom_1551458362339{margin-top: 10px !important;margin-bottom: 5px !important;border-top-width: 0px !important;border-bottom-width: 0px !important;padding-top: 0px !important;padding-bottom: 0px !important;}\u00a0\u00bb][\/vc_column][\/vc_row]<\/p>\n<\/div><!-- AddThis Advanced Settings generic via filter on the_content --><!-- AddThis Share Buttons generic via filter on the_content -->","protected":false},"excerpt":{"rendered":"<p>[vc_row css=\u00a0\u00bb.vc_custom_1490845175886{margin-top: 50px !important;}\u00a0\u00bb][vc_column width=\u00a0\u00bb1\/2&Prime; offset=\u00a0\u00bbvc_hidden-xs\u00a0\u00bb][vc_custom_heading text=\u00a0\u00bbVous souhaitez plus d&rsquo;informations sur nos solutions de consultation en d\u00e9veloppement des affaires ou en marketing web ?\u00a0\u00bb font_container=\u00a0\u00bbtag:h1|text_align:left\u00a0\u00bb google_fonts=\u00a0\u00bbfont_family:Roboto%3A100%2C100italic%2C300%2C300italic%2Cregular%2Citalic%2C500%2C500italic%2C700%2C700italic%2C900%2C900italic|font_style:300%20light%20regular%3A300%3Anormal\u00a0\u00bb el_class=\u00a0\u00bbtitle_primary\u00a0\u00bb css=\u00a0\u00bb.vc_custom_1621008650586{margin-top: 30px !important;margin-bottom: 5px !important;border-top-width: 0px !important;border-bottom-width: 0px !important;padding-top: 0px !important;padding-bottom: 0px !important;}\u00a0\u00bb][vc_column_text el_class=\u00a0\u00bbtext_regular\u00a0\u00bb css=\u00a0\u00bb.vc_custom_1491236215089{margin-top: 20px !important;margin-right: 50px !important;margin-bottom: 0px !important;}\u00a0\u00bb] Tout l&rsquo;\u00e9quipe de 360.Agency se tient \u00e0\u00a0votre &hellip; <\/p>\n<p class=\"link-more\"><a href=\"https:\/\/360.agency\/fr\/solutions-pour-concessionnaires-automobiles\/consultants\/contact\/\" class=\"more-link\">Continuer la lecture<span class=\"screen-reader-text\"> de &laquo;&nbsp;getstarted &#8211; consulting -FR&nbsp;&raquo;<\/span><\/a><\/p>\n<p><!-- AddThis Advanced Settings generic via filter on get_the_excerpt --><!-- AddThis Share Buttons generic via filter on get_the_excerpt --><\/p>\n","protected":false},"author":26,"featured_media":0,"parent":3239,"menu_order":0,"comment_status":"closed","ping_status":"closed","template":"","meta":{"footnotes":""},"class_list":["post-3379","page","type-page","status-publish","hentry"],"yoast_head":"<!-- This site is optimized with the Yoast SEO plugin v27.3 - https:\/\/yoast.com\/product\/yoast-seo-wordpress\/ -->\n<title>getstarted - consulting -FR &#8226; 360.Agency<\/title>\n<meta name=\"robots\" content=\"index, follow, max-snippet:-1, max-image-preview:large, max-video-preview:-1\" \/>\n<link rel=\"canonical\" href=\"https:\/\/360.agency\/fr\/solutions-pour-concessionnaires-automobiles\/consultants\/contact\/\" \/>\n<meta property=\"og:locale\" content=\"fr_FR\" \/>\n<meta property=\"og:type\" content=\"article\" \/>\n<meta property=\"og:title\" content=\"getstarted - consulting -FR &#8226; 360.Agency\" \/>\n<meta property=\"og:description\" content=\"[vc_row css=\u00a0\u00bb.vc_custom_1490845175886{margin-top: 50px !important;}\u00a0\u00bb][vc_column width=\u00a0\u00bb1\/2&Prime; offset=\u00a0\u00bbvc_hidden-xs\u00a0\u00bb][vc_custom_heading text=\u00a0\u00bbVous souhaitez plus d&rsquo;informations sur nos solutions de consultation en d\u00e9veloppement des affaires ou en marketing web ?\u00a0\u00bb font_container=\u00a0\u00bbtag:h1|text_align:left\u00a0\u00bb google_fonts=\u00a0\u00bbfont_family:Roboto%3A100%2C100italic%2C300%2C300italic%2Cregular%2Citalic%2C500%2C500italic%2C700%2C700italic%2C900%2C900italic|font_style:300%20light%20regular%3A300%3Anormal\u00a0\u00bb el_class=\u00a0\u00bbtitle_primary\u00a0\u00bb css=\u00a0\u00bb.vc_custom_1621008650586{margin-top: 30px !important;margin-bottom: 5px !important;border-top-width: 0px !important;border-bottom-width: 0px !important;padding-top: 0px !important;padding-bottom: 0px !important;}\u00a0\u00bb][vc_column_text el_class=\u00a0\u00bbtext_regular\u00a0\u00bb css=\u00a0\u00bb.vc_custom_1491236215089{margin-top: 20px !important;margin-right: 50px !important;margin-bottom: 0px !important;}\u00a0\u00bb] Tout l&rsquo;\u00e9quipe de 360.Agency se tient \u00e0\u00a0votre &hellip; Continuer la lecture de &laquo;&nbsp;getstarted &#8211; consulting -FR&nbsp;&raquo;\" \/>\n<meta property=\"og:url\" content=\"https:\/\/360.agency\/fr\/solutions-pour-concessionnaires-automobiles\/consultants\/contact\/\" \/>\n<meta property=\"og:site_name\" content=\"360.Agency\" \/>\n<meta property=\"article:publisher\" content=\"https:\/\/www.facebook.com\/360.agencymtl\" \/>\n<meta property=\"article:modified_time\" content=\"2023-11-13T19:34:33+00:00\" \/>\n<meta name=\"twitter:card\" content=\"summary_large_image\" \/>\n<meta name=\"twitter:label1\" content=\"Dur\u00e9e de lecture est.\" \/>\n\t<meta name=\"twitter:data1\" content=\"2 minutes\" \/>\n<script type=\"application\/ld+json\" class=\"yoast-schema-graph\">{\"@context\":\"https:\\\/\\\/schema.org\",\"@graph\":[{\"@type\":\"WebPage\",\"@id\":\"https:\\\/\\\/360.agency\\\/fr\\\/solutions-pour-concessionnaires-automobiles\\\/consultants\\\/contact\\\/\",\"url\":\"https:\\\/\\\/360.agency\\\/fr\\\/solutions-pour-concessionnaires-automobiles\\\/consultants\\\/contact\\\/\",\"name\":\"getstarted - consulting -FR &#8226; 360.Agency\",\"isPartOf\":{\"@id\":\"https:\\\/\\\/360.agency\\\/en\\\/#website\"},\"datePublished\":\"2017-04-05T01:34:26+00:00\",\"dateModified\":\"2023-11-13T19:34:33+00:00\",\"breadcrumb\":{\"@id\":\"https:\\\/\\\/360.agency\\\/fr\\\/solutions-pour-concessionnaires-automobiles\\\/consultants\\\/contact\\\/#breadcrumb\"},\"inLanguage\":\"fr-FR\",\"potentialAction\":[{\"@type\":\"ReadAction\",\"target\":[\"https:\\\/\\\/360.agency\\\/fr\\\/solutions-pour-concessionnaires-automobiles\\\/consultants\\\/contact\\\/\"]}]},{\"@type\":\"BreadcrumbList\",\"@id\":\"https:\\\/\\\/360.agency\\\/fr\\\/solutions-pour-concessionnaires-automobiles\\\/consultants\\\/contact\\\/#breadcrumb\",\"itemListElement\":[{\"@type\":\"ListItem\",\"position\":1,\"name\":\"Home\",\"item\":\"https:\\\/\\\/360.agency\\\/fr\\\/\"},{\"@type\":\"ListItem\",\"position\":2,\"name\":\"Solutions (Services et produits) &#8211; FR\",\"item\":\"https:\\\/\\\/360.agency\\\/fr\\\/solutions-pour-concessionnaires-automobiles\\\/\"},{\"@type\":\"ListItem\",\"position\":3,\"name\":\"Consultation &#8211; FR\",\"item\":\"https:\\\/\\\/360.agency\\\/fr\\\/?page_id=3239\"},{\"@type\":\"ListItem\",\"position\":4,\"name\":\"getstarted &#8211; consulting -FR\"}]},{\"@type\":\"WebSite\",\"@id\":\"https:\\\/\\\/360.agency\\\/en\\\/#website\",\"url\":\"https:\\\/\\\/360.agency\\\/en\\\/\",\"name\":\"360.Agency\",\"description\":\"\",\"publisher\":{\"@id\":\"https:\\\/\\\/360.agency\\\/en\\\/#organization\"},\"potentialAction\":[{\"@type\":\"SearchAction\",\"target\":{\"@type\":\"EntryPoint\",\"urlTemplate\":\"https:\\\/\\\/360.agency\\\/en\\\/?s={search_term_string}\"},\"query-input\":{\"@type\":\"PropertyValueSpecification\",\"valueRequired\":true,\"valueName\":\"search_term_string\"}}],\"inLanguage\":\"fr-FR\"},{\"@type\":\"Organization\",\"@id\":\"https:\\\/\\\/360.agency\\\/en\\\/#organization\",\"name\":\"360.Agency\",\"url\":\"https:\\\/\\\/360.agency\\\/en\\\/\",\"logo\":{\"@type\":\"ImageObject\",\"inLanguage\":\"fr-FR\",\"@id\":\"https:\\\/\\\/360.agency\\\/en\\\/#\\\/schema\\\/logo\\\/image\\\/\",\"url\":\"https:\\\/\\\/360.agency\\\/wp-content\\\/uploads\\\/2021\\\/09\\\/logo_dark_360.agency-400x135-1.png\",\"contentUrl\":\"https:\\\/\\\/360.agency\\\/wp-content\\\/uploads\\\/2021\\\/09\\\/logo_dark_360.agency-400x135-1.png\",\"width\":400,\"height\":135,\"caption\":\"360.Agency\"},\"image\":{\"@id\":\"https:\\\/\\\/360.agency\\\/en\\\/#\\\/schema\\\/logo\\\/image\\\/\"},\"sameAs\":[\"https:\\\/\\\/www.facebook.com\\\/360.agencymtl\",\"https:\\\/\\\/www.instagram.com\\\/360.agencymtl\\\/\",\"https:\\\/\\\/www.linkedin.com\\\/company\\\/9325060\",\"https:\\\/\\\/www.youtube.com\\\/channel\\\/UCW_KTNCIkbBdCJYZUSACJBQ\"]}]}<\/script>\n<!-- \/ Yoast SEO plugin. -->","yoast_head_json":{"title":"getstarted - consulting -FR &#8226; 360.Agency","robots":{"index":"index","follow":"follow","max-snippet":"max-snippet:-1","max-image-preview":"max-image-preview:large","max-video-preview":"max-video-preview:-1"},"canonical":"https:\/\/360.agency\/fr\/solutions-pour-concessionnaires-automobiles\/consultants\/contact\/","og_locale":"fr_FR","og_type":"article","og_title":"getstarted - consulting -FR &#8226; 360.Agency","og_description":"[vc_row css=\u00a0\u00bb.vc_custom_1490845175886{margin-top: 50px !important;}\u00a0\u00bb][vc_column width=\u00a0\u00bb1\/2&Prime; offset=\u00a0\u00bbvc_hidden-xs\u00a0\u00bb][vc_custom_heading text=\u00a0\u00bbVous souhaitez plus d&rsquo;informations sur nos solutions de consultation en d\u00e9veloppement des affaires ou en marketing web ?\u00a0\u00bb font_container=\u00a0\u00bbtag:h1|text_align:left\u00a0\u00bb google_fonts=\u00a0\u00bbfont_family:Roboto%3A100%2C100italic%2C300%2C300italic%2Cregular%2Citalic%2C500%2C500italic%2C700%2C700italic%2C900%2C900italic|font_style:300%20light%20regular%3A300%3Anormal\u00a0\u00bb el_class=\u00a0\u00bbtitle_primary\u00a0\u00bb css=\u00a0\u00bb.vc_custom_1621008650586{margin-top: 30px !important;margin-bottom: 5px !important;border-top-width: 0px !important;border-bottom-width: 0px !important;padding-top: 0px !important;padding-bottom: 0px !important;}\u00a0\u00bb][vc_column_text el_class=\u00a0\u00bbtext_regular\u00a0\u00bb css=\u00a0\u00bb.vc_custom_1491236215089{margin-top: 20px !important;margin-right: 50px !important;margin-bottom: 0px !important;}\u00a0\u00bb] Tout l&rsquo;\u00e9quipe de 360.Agency se tient \u00e0\u00a0votre &hellip; Continuer la lecture de &laquo;&nbsp;getstarted &#8211; consulting -FR&nbsp;&raquo;","og_url":"https:\/\/360.agency\/fr\/solutions-pour-concessionnaires-automobiles\/consultants\/contact\/","og_site_name":"360.Agency","article_publisher":"https:\/\/www.facebook.com\/360.agencymtl","article_modified_time":"2023-11-13T19:34:33+00:00","twitter_card":"summary_large_image","twitter_misc":{"Dur\u00e9e de lecture est.":"2 minutes"},"schema":{"@context":"https:\/\/schema.org","@graph":[{"@type":"WebPage","@id":"https:\/\/360.agency\/fr\/solutions-pour-concessionnaires-automobiles\/consultants\/contact\/","url":"https:\/\/360.agency\/fr\/solutions-pour-concessionnaires-automobiles\/consultants\/contact\/","name":"getstarted - consulting -FR &#8226; 360.Agency","isPartOf":{"@id":"https:\/\/360.agency\/en\/#website"},"datePublished":"2017-04-05T01:34:26+00:00","dateModified":"2023-11-13T19:34:33+00:00","breadcrumb":{"@id":"https:\/\/360.agency\/fr\/solutions-pour-concessionnaires-automobiles\/consultants\/contact\/#breadcrumb"},"inLanguage":"fr-FR","potentialAction":[{"@type":"ReadAction","target":["https:\/\/360.agency\/fr\/solutions-pour-concessionnaires-automobiles\/consultants\/contact\/"]}]},{"@type":"BreadcrumbList","@id":"https:\/\/360.agency\/fr\/solutions-pour-concessionnaires-automobiles\/consultants\/contact\/#breadcrumb","itemListElement":[{"@type":"ListItem","position":1,"name":"Home","item":"https:\/\/360.agency\/fr\/"},{"@type":"ListItem","position":2,"name":"Solutions (Services et produits) &#8211; FR","item":"https:\/\/360.agency\/fr\/solutions-pour-concessionnaires-automobiles\/"},{"@type":"ListItem","position":3,"name":"Consultation &#8211; FR","item":"https:\/\/360.agency\/fr\/?page_id=3239"},{"@type":"ListItem","position":4,"name":"getstarted &#8211; consulting -FR"}]},{"@type":"WebSite","@id":"https:\/\/360.agency\/en\/#website","url":"https:\/\/360.agency\/en\/","name":"360.Agency","description":"","publisher":{"@id":"https:\/\/360.agency\/en\/#organization"},"potentialAction":[{"@type":"SearchAction","target":{"@type":"EntryPoint","urlTemplate":"https:\/\/360.agency\/en\/?s={search_term_string}"},"query-input":{"@type":"PropertyValueSpecification","valueRequired":true,"valueName":"search_term_string"}}],"inLanguage":"fr-FR"},{"@type":"Organization","@id":"https:\/\/360.agency\/en\/#organization","name":"360.Agency","url":"https:\/\/360.agency\/en\/","logo":{"@type":"ImageObject","inLanguage":"fr-FR","@id":"https:\/\/360.agency\/en\/#\/schema\/logo\/image\/","url":"https:\/\/360.agency\/wp-content\/uploads\/2021\/09\/logo_dark_360.agency-400x135-1.png","contentUrl":"https:\/\/360.agency\/wp-content\/uploads\/2021\/09\/logo_dark_360.agency-400x135-1.png","width":400,"height":135,"caption":"360.Agency"},"image":{"@id":"https:\/\/360.agency\/en\/#\/schema\/logo\/image\/"},"sameAs":["https:\/\/www.facebook.com\/360.agencymtl","https:\/\/www.instagram.com\/360.agencymtl\/","https:\/\/www.linkedin.com\/company\/9325060","https:\/\/www.youtube.com\/channel\/UCW_KTNCIkbBdCJYZUSACJBQ"]}]}},"jetpack_sharing_enabled":true,"_links":{"self":[{"href":"https:\/\/360.agency\/fr\/wp-json\/wp\/v2\/pages\/3379","targetHints":{"allow":["GET"]}}],"collection":[{"href":"https:\/\/360.agency\/fr\/wp-json\/wp\/v2\/pages"}],"about":[{"href":"https:\/\/360.agency\/fr\/wp-json\/wp\/v2\/types\/page"}],"author":[{"embeddable":true,"href":"https:\/\/360.agency\/fr\/wp-json\/wp\/v2\/users\/26"}],"replies":[{"embeddable":true,"href":"https:\/\/360.agency\/fr\/wp-json\/wp\/v2\/comments?post=3379"}],"version-history":[{"count":10,"href":"https:\/\/360.agency\/fr\/wp-json\/wp\/v2\/pages\/3379\/revisions"}],"predecessor-version":[{"id":37272,"href":"https:\/\/360.agency\/fr\/wp-json\/wp\/v2\/pages\/3379\/revisions\/37272"}],"up":[{"embeddable":true,"href":"https:\/\/360.agency\/fr\/wp-json\/wp\/v2\/pages\/3239"}],"wp:attachment":[{"href":"https:\/\/360.agency\/fr\/wp-json\/wp\/v2\/media?parent=3379"}],"curies":[{"name":"wp","href":"https:\/\/api.w.org\/{rel}","templated":true}]}}