{"id":3357,"date":"2017-04-05T01:21:08","date_gmt":"2017-04-05T01:21:08","guid":{"rendered":"http:\/\/360.agency\/?page_id=3357\/"},"modified":"2025-07-02T10:09:07","modified_gmt":"2025-07-02T14:09:07","slug":"contactez-nous","status":"publish","type":"page","link":"https:\/\/360.agency\/fr\/contactez-nous\/","title":{"rendered":"Contactez-nous &#8211; FR"},"content":{"rendered":"<div class=\"wpb-content-wrapper\"><p>[vc_row content_placement=\u00a0\u00bbmiddle\u00a0\u00bb css=\u00a0\u00bb.vc_custom_1491230005307{margin-top: 30px !important;}\u00a0\u00bb][vc_column][vc_custom_heading text=\u00a0\u00bbContactez-nous\u00a0\u00bb font_container=\u00a0\u00bbtag:h2|font_size:50px|text_align:center|line_height:40px\u00a0\u00bb google_fonts=\u00a0\u00bbfont_family:Roboto%3A100%2C100italic%2C300%2C300italic%2Cregular%2Citalic%2C500%2C500italic%2C700%2C700italic%2C900%2C900italic\u00a0\u00bb el_class=\u00a0\u00bbtitle_primary\u00a0\u00bb css=\u00a0\u00bb.vc_custom_1695832320984{margin-top: 30px !important;margin-bottom: 0px !important;border-bottom-width: 0px !important;padding-bottom: 0px !important;}\u00a0\u00bb][vc_empty_space][vc_custom_heading text=\u00a0\u00bbComment pouvons-nous vous aider aujourd&rsquo;hui ?\u00a0\u00bb font_container=\u00a0\u00bbtag:h2|text_align:center\u00a0\u00bb google_fonts=\u00a0\u00bbfont_family:Roboto%3A100%2C100italic%2C300%2C300italic%2Cregular%2Citalic%2C500%2C500italic%2C700%2C700italic%2C900%2C900italic\u00a0\u00bb el_class=\u00a0\u00bbtitle_primary\u00a0\u00bb css=\u00a0\u00bb.vc_custom_1695831743086{margin-top: 0px !important;margin-bottom: 30px !important;border-top-width: 0px !important;border-bottom-width: 0px !important;padding-top: 0px !important;padding-bottom: 0px !important;}\u00a0\u00bb][\/vc_column][\/vc_row][vc_row gap=\u00a0\u00bb10&Prime; equal_height=\u00a0\u00bbyes\u00a0\u00bb content_placement=\u00a0\u00bbtop\u00a0\u00bb][vc_column width=\u00a0\u00bb1\/2&Prime; css=\u00a0\u00bb.vc_custom_1695748558302{margin-top: 20px !important;margin-right: 20px !important;margin-bottom: 0px !important;margin-left: 20px !important;border-top-width: 1px !important;border-right-width: 1px !important;border-bottom-width: 1px !important;border-left-width: 1px !important;padding-top: 20px !important;padding-right: 20px !important;padding-bottom: 0px !important;padding-left: 20px !important;border-left-color: #c4c4c4 !important;border-left-style: solid !important;border-right-color: #c4c4c4 !important;border-right-style: solid !important;border-top-color: #c4c4c4 !important;border-top-style: solid !important;border-bottom-color: #c4c4c4 !important;border-bottom-style: solid !important;}\u00a0\u00bb][vc_custom_heading text=\u00a0\u00bbPRODUITS &amp; SERVICES\u00a0\u00bb font_container=\u00a0\u00bbtag:h2|font_size:40%20PX|text_align:center|color:%23a3a3a3|line_height:42px\u00a0\u00bb google_fonts=\u00a0\u00bbfont_family:Roboto%3A100%2C100italic%2C300%2C300italic%2Cregular%2Citalic%2C500%2C500italic%2C700%2C700italic%2C900%2C900italic\u00a0\u00bb][vc_row_inner content_placement=\u00a0\u00bbtop\u00a0\u00bb][vc_column_inner width=\u00a0\u00bb1\/2&Prime;][vc_single_image image=\u00a0\u00bb41594&Prime; img_size=\u00a0\u00bbmedium\u00a0\u00bb alignment=\u00a0\u00bbcenter\u00a0\u00bb][\/vc_column_inner][vc_column_inner width=\u00a0\u00bb1\/2&Prime;][vc_column_text]<span style=\"font-family: Roboto;\">Vous souhaitez une d\u00e9mo ou recevoir plus d&rsquo;informations sur l&rsquo;une de nos solutions ?<\/span>[\/vc_column_text][vc_btn title=\u00a0\u00bbContactez notre \u00e9quipe de vente\u00a0\u00bb style=\u00a0\u00bbclassic\u00a0\u00bb shape=\u00a0\u00bbsquare\u00a0\u00bb color=\u00a0\u00bbjuicy-pink\u00a0\u00bb align=\u00a0\u00bbleft\u00a0\u00bb el_class=\u00a0\u00bbbutton_primary\u00a0\u00bb link=\u00a0\u00bburl:https%3A%2F%2F360.agency%2Ffr%2Fsolutions-pour-concessionnaires-automobiles%2Fcontact-produits%2F|target:_blank\u00a0\u00bb][\/vc_column_inner][\/vc_row_inner][\/vc_column][vc_column width=\u00a0\u00bb1\/2&Prime; css=\u00a0\u00bb.vc_custom_1695748365233{margin-top: 20px !important;margin-right: 20px !important;margin-bottom: 0px !important;margin-left: 20px !important;border-top-width: 0px !important;border-right-width: 0px !important;border-bottom-width: 0px !important;border-left-width: 0px !important;padding-top: 20px !important;padding-right: 20px !important;padding-bottom: 0px !important;padding-left: 20px !important;background-color: #86c8ce !important;border-left-color: #c4c4c4 !important;border-left-style: solid !important;border-right-color: #c4c4c4 !important;border-right-style: solid !important;border-top-color: #c4c4c4 !important;border-top-style: solid !important;border-bottom-color: #c4c4c4 !important;border-bottom-style: solid !important;}\u00a0\u00bb][vc_custom_heading text=\u00a0\u00bbSUPPORT\u00a0\u00bb font_container=\u00a0\u00bbtag:h2|font_size:40%20PX|text_align:center|color:%23ffffff|line_height:42PX\u00a0\u00bb google_fonts=\u00a0\u00bbfont_family:Roboto%3A100%2C100italic%2C300%2C300italic%2Cregular%2Citalic%2C500%2C500italic%2C700%2C700italic%2C900%2C900italic\u00a0\u00bb][vc_row_inner equal_height=\u00a0\u00bbyes\u00a0\u00bb content_placement=\u00a0\u00bbtop\u00a0\u00bb][vc_column_inner width=\u00a0\u00bb1\/2&Prime;][vc_single_image image=\u00a0\u00bb36552&Prime; img_size=\u00a0\u00bbmedium\u00a0\u00bb alignment=\u00a0\u00bbcenter\u00a0\u00bb][\/vc_column_inner][vc_column_inner width=\u00a0\u00bb1\/2&Prime;][vc_column_text]<\/p>\n<p style=\"text-align: left;\"><span style=\"font-family: Roboto;\">Si vous \u00eates d\u00e9j\u00e0 client de 360.Agency et que vous souhaitez obtenir de l&rsquo;aide sur l&rsquo;un de nos produits, notre \u00e9quipe de support est \u00e0 votre disposition pour vous aider \u00e0 r\u00e9soudre votre demande.<\/span><\/p>\n<p>[\/vc_column_text][vc_btn title=\u00a0\u00bbContactez notre \u00e9quipe de support\u00a0\u00bb style=\u00a0\u00bbclassic\u00a0\u00bb shape=\u00a0\u00bbsquare\u00a0\u00bb color=\u00a0\u00bbwhite\u00a0\u00bb align=\u00a0\u00bbleft\u00a0\u00bb link=\u00a0\u00bburl:https%3A%2F%2F360.agency%2Ffr%2Fsupport-360%2F|title:SUPPORT%20360&Prime; el_class=\u00a0\u00bbbutton_secondary\u00a0\u00bb][\/vc_column_inner][\/vc_row_inner][\/vc_column][\/vc_row][vc_row gap=\u00a0\u00bb10&Prime; equal_height=\u00a0\u00bbyes\u00a0\u00bb content_placement=\u00a0\u00bbtop\u00a0\u00bb][vc_column width=\u00a0\u00bb1\/2&Prime; css=\u00a0\u00bb.vc_custom_1695748745404{margin-top: 20px !important;margin-right: 20px !important;margin-bottom: 0px !important;margin-left: 20px !important;padding-top: 20px !important;padding-right: 20px !important;padding-bottom: 0px !important;padding-left: 20px !important;background-color: #81b0c1 !important;}\u00a0\u00bb][vc_custom_heading text=\u00a0\u00bbREJOINDRE L&rsquo;\u00c9QUIPE\u00a0\u00bb font_container=\u00a0\u00bbtag:h2|font_size:40%20PX|text_align:center|color:%23ffffff|line_height:50PX\u00a0\u00bb google_fonts=\u00a0\u00bbfont_family:Roboto%3A100%2C100italic%2C300%2C300italic%2Cregular%2Citalic%2C500%2C500italic%2C700%2C700italic%2C900%2C900italic\u00a0\u00bb][vc_row_inner content_placement=\u00a0\u00bbtop\u00a0\u00bb gap=\u00a0\u00bb10&Prime;][vc_column_inner width=\u00a0\u00bb1\/2&Prime;][vc_single_image image=\u00a0\u00bb36550&Prime; img_size=\u00a0\u00bbmedium\u00a0\u00bb][\/vc_column_inner][vc_column_inner width=\u00a0\u00bb1\/2&Prime;][vc_column_text]<\/p>\n<p style=\"text-align: left;\"><span style=\"font-family: Roboto; color: #ffffff;\">Vous souhaitez postuler \u00e0 un emploi ou soumettre une candidature spontan\u00e9e ?<\/span><\/p>\n<p>[\/vc_column_text][vc_btn title=\u00a0\u00bbExplorer les offres d&#8217;emplois disponibles\u00a0\u00bb style=\u00a0\u00bbclassic\u00a0\u00bb shape=\u00a0\u00bbsquare\u00a0\u00bb color=\u00a0\u00bbwhite\u00a0\u00bb align=\u00a0\u00bbleft\u00a0\u00bb link=\u00a0\u00bburl:https%3A%2F%2F360.agency%2Ffr%2Fcarriere%2F\u00a0\u00bb el_class=\u00a0\u00bbbutton_secondary\u00a0\u00bb][\/vc_column_inner][\/vc_row_inner][\/vc_column][vc_column width=\u00a0\u00bb1\/2&Prime; css=\u00a0\u00bb.vc_custom_1695748650190{margin-top: 20px !important;margin-right: 20px !important;margin-bottom: 0px !important;margin-left: 20px !important;border-top-width: 1px !important;border-right-width: 1px !important;border-bottom-width: 1px !important;border-left-width: 1px !important;padding-top: 20px !important;padding-right: 20px !important;padding-bottom: 0px !important;padding-left: 20px !important;background-color: #0a0a0a !important;border-left-color: #c4c4c4 !important;border-left-style: solid !important;border-right-color: #c4c4c4 !important;border-right-style: solid !important;border-top-color: #c4c4c4 !important;border-top-style: solid !important;border-bottom-color: #c4c4c4 !important;border-bottom-style: solid !important;}\u00a0\u00bb][vc_custom_heading text=\u00a0\u00bbA PROPOS DE 360.AGENCY\u00a0\u00bb font_container=\u00a0\u00bbtag:h2|font_size:40%20PX|text_align:center|color:%23ffffff|line_height:50PX\u00a0\u00bb google_fonts=\u00a0\u00bbfont_family:Roboto%3A100%2C100italic%2C300%2C300italic%2Cregular%2Citalic%2C500%2C500italic%2C700%2C700italic%2C900%2C900italic\u00a0\u00bb][vc_row_inner equal_height=\u00a0\u00bbyes\u00a0\u00bb content_placement=\u00a0\u00bbtop\u00a0\u00bb gap=\u00a0\u00bb10&Prime;][vc_column_inner width=\u00a0\u00bb1\/2&Prime; css=\u00a0\u00bb.vc_custom_1695413915195{background-color: #0a0a0a !important;}\u00a0\u00bb][vc_single_image image=\u00a0\u00bb36547&Prime; img_size=\u00a0\u00bbfull\u00a0\u00bb alignment=\u00a0\u00bbcenter\u00a0\u00bb][\/vc_column_inner][vc_column_inner width=\u00a0\u00bb1\/2&Prime;][vc_column_text]<\/p>\n<p style=\"text-align: left;\"><span style=\"font-family: Roboto; color: #ffffff;\">Vous souhaitez obtenir plus d&rsquo;informations sur 360.Agency<\/span><\/p>\n<p>[\/vc_column_text][vc_btn title=\u00a0\u00bbDemandez de l&rsquo;info\u00a0\u00bb style=\u00a0\u00bbclassic\u00a0\u00bb shape=\u00a0\u00bbsquare\u00a0\u00bb color=\u00a0\u00bbwhite\u00a0\u00bb align=\u00a0\u00bbleft\u00a0\u00bb link=\u00a0\u00bburl:https%3A%2F%2F360.agency%2Ffr%2Fplus-infos-360-agency%2F|title:Plus%20d%E2%80%99infos%20sur%20360.Agency\u00a0\u00bb el_class=\u00a0\u00bbbutton_secondary\u00a0\u00bb][\/vc_column_inner][\/vc_row_inner][\/vc_column][\/vc_row][vc_row full_width=\u00a0\u00bbstretch_row_content_no_spaces\u00a0\u00bb content_placement=\u00a0\u00bbtop\u00a0\u00bb css=\u00a0\u00bb.vc_custom_1490843548874{margin-top: 20px !important;margin-bottom: 0px !important;border-top-width: 0px !important;border-bottom-width: 0px !important;padding-top: 0px !important;padding-bottom: 0px !important;}\u00a0\u00bb][vc_column][vc_gmaps link=\u00a0\u00bb#E-8_JTNDaWZyYW1lJTIwc3JjJTNEJTIyaHR0cHMlM0ElMkYlMkZ3d3cuZ29vZ2xlLmNvbSUyRm1hcHMlMkZlbWJlZCUzRnBiJTNEJTIxMW0xOCUyMTFtMTIlMjExbTMlMjExZDI3OTYuNzM3MDE3OTE5Njk4NyUyMTJkLTczLjU2NDAxOTAyMjczODkzJTIxM2Q0NS40OTUyNDAyNzEwNzQ0MiUyMTJtMyUyMTFmMCUyMTJmMCUyMTNmMCUyMTNtMiUyMTFpMTAyNCUyMTJpNzY4JTIxNGYxMy4xJTIxM20zJTIxMW0yJTIxMXMweDRjYzkxYTYwOWJlODg1YzklMjUzQTB4ODM2ZjllOWIzN2E3NGE2NSUyMTJzMzYwJTI1MjBBZ2VuY3klMjE1ZTAlMjEzbTIlMjExc2VuJTIxMnNjYSUyMTR2MTc1MTQ2NTE0OTA5MyUyMTVtMiUyMTFzZW4lMjEyc2NhJTIyJTIwd2lkdGglM0QlMjI2MDAlMjIlMjBoZWlnaHQlM0QlMjI0NTAlMjIlMjBzdHlsZSUzRCUyMmJvcmRlciUzQTAlM0IlMjIlMjBhbGxvd2Z1bGxzY3JlZW4lM0QlMjIlMjIlMjBsb2FkaW5nJTNEJTIybGF6eSUyMiUyMHJlZmVycmVycG9saWN5JTNEJTIybm8tcmVmZXJyZXItd2hlbi1kb3duZ3JhZGUlMjIlM0UlM0MlMkZpZnJhbWUlM0U=\u00a0\u00bb][\/vc_column][\/vc_row]<\/p>\n<\/div><!-- AddThis Advanced Settings generic via filter on the_content --><!-- AddThis Share Buttons generic via filter on the_content -->","protected":false},"excerpt":{"rendered":"<p>[vc_row content_placement=\u00a0\u00bbmiddle\u00a0\u00bb css=\u00a0\u00bb.vc_custom_1491230005307{margin-top: 30px !important;}\u00a0\u00bb][vc_column][vc_custom_heading text=\u00a0\u00bbContactez-nous\u00a0\u00bb font_container=\u00a0\u00bbtag:h2|font_size:50px|text_align:center|line_height:40px\u00a0\u00bb google_fonts=\u00a0\u00bbfont_family:Roboto%3A100%2C100italic%2C300%2C300italic%2Cregular%2Citalic%2C500%2C500italic%2C700%2C700italic%2C900%2C900italic\u00a0\u00bb el_class=\u00a0\u00bbtitle_primary\u00a0\u00bb css=\u00a0\u00bb.vc_custom_1695832320984{margin-top: 30px !important;margin-bottom: 0px !important;border-bottom-width: 0px !important;padding-bottom: 0px !important;}\u00a0\u00bb][vc_empty_space][vc_custom_heading text=\u00a0\u00bbComment pouvons-nous vous aider aujourd&rsquo;hui ?\u00a0\u00bb font_container=\u00a0\u00bbtag:h2|text_align:center\u00a0\u00bb google_fonts=\u00a0\u00bbfont_family:Roboto%3A100%2C100italic%2C300%2C300italic%2Cregular%2Citalic%2C500%2C500italic%2C700%2C700italic%2C900%2C900italic\u00a0\u00bb el_class=\u00a0\u00bbtitle_primary\u00a0\u00bb css=\u00a0\u00bb.vc_custom_1695831743086{margin-top: 0px !important;margin-bottom: 30px !important;border-top-width: 0px !important;border-bottom-width: 0px !important;padding-top: 0px !important;padding-bottom: 0px !important;}\u00a0\u00bb][\/vc_column][\/vc_row][vc_row gap=\u00a0\u00bb10&Prime; equal_height=\u00a0\u00bbyes\u00a0\u00bb content_placement=\u00a0\u00bbtop\u00a0\u00bb][vc_column width=\u00a0\u00bb1\/2&Prime; css=\u00a0\u00bb.vc_custom_1695748558302{margin-top: 20px !important;margin-right: 20px !important;margin-bottom: 0px !important;margin-left: 20px !important;border-top-width: 1px !important;border-right-width: &hellip; <\/p>\n<p class=\"link-more\"><a href=\"https:\/\/360.agency\/fr\/contactez-nous\/\" class=\"more-link\">Continuer la lecture<span class=\"screen-reader-text\"> de &laquo;&nbsp;Contactez-nous &#8211; FR&nbsp;&raquo;<\/span><\/a><\/p>\n<p><!-- AddThis Advanced Settings generic via filter on get_the_excerpt --><!-- AddThis Share Buttons generic via filter on get_the_excerpt --><\/p>\n","protected":false},"author":26,"featured_media":0,"parent":0,"menu_order":0,"comment_status":"closed","ping_status":"closed","template":"","meta":{"footnotes":""},"class_list":["post-3357","page","type-page","status-publish","hentry"],"yoast_head":"<!-- This site is optimized with the Yoast SEO plugin v27.3 - https:\/\/yoast.com\/product\/yoast-seo-wordpress\/ -->\n<title>Contactez-nous - FR &#8226; 360.Agency<\/title>\n<meta name=\"robots\" content=\"index, follow, max-snippet:-1, max-image-preview:large, max-video-preview:-1\" \/>\n<link rel=\"canonical\" href=\"https:\/\/360.agency\/fr\/contactez-nous\/\" \/>\n<meta property=\"og:locale\" content=\"fr_FR\" \/>\n<meta property=\"og:type\" content=\"article\" \/>\n<meta property=\"og:title\" content=\"Contactez-nous - FR &#8226; 360.Agency\" \/>\n<meta property=\"og:description\" content=\"[vc_row content_placement=\u00a0\u00bbmiddle\u00a0\u00bb css=\u00a0\u00bb.vc_custom_1491230005307{margin-top: 30px !important;}\u00a0\u00bb][vc_column][vc_custom_heading text=\u00a0\u00bbContactez-nous\u00a0\u00bb font_container=\u00a0\u00bbtag:h2|font_size:50px|text_align:center|line_height:40px\u00a0\u00bb google_fonts=\u00a0\u00bbfont_family:Roboto%3A100%2C100italic%2C300%2C300italic%2Cregular%2Citalic%2C500%2C500italic%2C700%2C700italic%2C900%2C900italic\u00a0\u00bb el_class=\u00a0\u00bbtitle_primary\u00a0\u00bb css=\u00a0\u00bb.vc_custom_1695832320984{margin-top: 30px !important;margin-bottom: 0px !important;border-bottom-width: 0px !important;padding-bottom: 0px !important;}\u00a0\u00bb][vc_empty_space][vc_custom_heading text=\u00a0\u00bbComment pouvons-nous vous aider aujourd&rsquo;hui ?\u00a0\u00bb font_container=\u00a0\u00bbtag:h2|text_align:center\u00a0\u00bb google_fonts=\u00a0\u00bbfont_family:Roboto%3A100%2C100italic%2C300%2C300italic%2Cregular%2Citalic%2C500%2C500italic%2C700%2C700italic%2C900%2C900italic\u00a0\u00bb el_class=\u00a0\u00bbtitle_primary\u00a0\u00bb css=\u00a0\u00bb.vc_custom_1695831743086{margin-top: 0px !important;margin-bottom: 30px !important;border-top-width: 0px !important;border-bottom-width: 0px !important;padding-top: 0px !important;padding-bottom: 0px !important;}\u00a0\u00bb][\/vc_column][\/vc_row][vc_row gap=\u00a0\u00bb10&Prime; equal_height=\u00a0\u00bbyes\u00a0\u00bb content_placement=\u00a0\u00bbtop\u00a0\u00bb][vc_column width=\u00a0\u00bb1\/2&Prime; css=\u00a0\u00bb.vc_custom_1695748558302{margin-top: 20px !important;margin-right: 20px !important;margin-bottom: 0px !important;margin-left: 20px !important;border-top-width: 1px !important;border-right-width: &hellip; Continuer la lecture de &laquo;&nbsp;Contactez-nous &#8211; FR&nbsp;&raquo;\" \/>\n<meta property=\"og:url\" content=\"https:\/\/360.agency\/fr\/contactez-nous\/\" \/>\n<meta property=\"og:site_name\" content=\"360.Agency\" \/>\n<meta property=\"article:publisher\" content=\"https:\/\/www.facebook.com\/360.agencymtl\" \/>\n<meta property=\"article:modified_time\" content=\"2025-07-02T14:09:07+00:00\" \/>\n<meta name=\"twitter:card\" content=\"summary_large_image\" \/>\n<meta name=\"twitter:label1\" content=\"Dur\u00e9e de lecture est.\" \/>\n\t<meta name=\"twitter:data1\" content=\"3 minutes\" \/>\n<script type=\"application\/ld+json\" class=\"yoast-schema-graph\">{\"@context\":\"https:\\\/\\\/schema.org\",\"@graph\":[{\"@type\":\"WebPage\",\"@id\":\"https:\\\/\\\/360.agency\\\/fr\\\/contactez-nous\\\/\",\"url\":\"https:\\\/\\\/360.agency\\\/fr\\\/contactez-nous\\\/\",\"name\":\"Contactez-nous - FR &#8226; 360.Agency\",\"isPartOf\":{\"@id\":\"https:\\\/\\\/360.agency\\\/en\\\/#website\"},\"datePublished\":\"2017-04-05T01:21:08+00:00\",\"dateModified\":\"2025-07-02T14:09:07+00:00\",\"breadcrumb\":{\"@id\":\"https:\\\/\\\/360.agency\\\/fr\\\/contactez-nous\\\/#breadcrumb\"},\"inLanguage\":\"fr-FR\",\"potentialAction\":[{\"@type\":\"ReadAction\",\"target\":[\"https:\\\/\\\/360.agency\\\/fr\\\/contactez-nous\\\/\"]}]},{\"@type\":\"BreadcrumbList\",\"@id\":\"https:\\\/\\\/360.agency\\\/fr\\\/contactez-nous\\\/#breadcrumb\",\"itemListElement\":[{\"@type\":\"ListItem\",\"position\":1,\"name\":\"Home\",\"item\":\"https:\\\/\\\/360.agency\\\/fr\\\/\"},{\"@type\":\"ListItem\",\"position\":2,\"name\":\"Contactez-nous &#8211; FR\"}]},{\"@type\":\"WebSite\",\"@id\":\"https:\\\/\\\/360.agency\\\/en\\\/#website\",\"url\":\"https:\\\/\\\/360.agency\\\/en\\\/\",\"name\":\"360.Agency\",\"description\":\"\",\"publisher\":{\"@id\":\"https:\\\/\\\/360.agency\\\/en\\\/#organization\"},\"potentialAction\":[{\"@type\":\"SearchAction\",\"target\":{\"@type\":\"EntryPoint\",\"urlTemplate\":\"https:\\\/\\\/360.agency\\\/en\\\/?s={search_term_string}\"},\"query-input\":{\"@type\":\"PropertyValueSpecification\",\"valueRequired\":true,\"valueName\":\"search_term_string\"}}],\"inLanguage\":\"fr-FR\"},{\"@type\":\"Organization\",\"@id\":\"https:\\\/\\\/360.agency\\\/en\\\/#organization\",\"name\":\"360.Agency\",\"url\":\"https:\\\/\\\/360.agency\\\/en\\\/\",\"logo\":{\"@type\":\"ImageObject\",\"inLanguage\":\"fr-FR\",\"@id\":\"https:\\\/\\\/360.agency\\\/en\\\/#\\\/schema\\\/logo\\\/image\\\/\",\"url\":\"https:\\\/\\\/360.agency\\\/wp-content\\\/uploads\\\/2021\\\/09\\\/logo_dark_360.agency-400x135-1.png\",\"contentUrl\":\"https:\\\/\\\/360.agency\\\/wp-content\\\/uploads\\\/2021\\\/09\\\/logo_dark_360.agency-400x135-1.png\",\"width\":400,\"height\":135,\"caption\":\"360.Agency\"},\"image\":{\"@id\":\"https:\\\/\\\/360.agency\\\/en\\\/#\\\/schema\\\/logo\\\/image\\\/\"},\"sameAs\":[\"https:\\\/\\\/www.facebook.com\\\/360.agencymtl\",\"https:\\\/\\\/www.instagram.com\\\/360.agencymtl\\\/\",\"https:\\\/\\\/www.linkedin.com\\\/company\\\/9325060\",\"https:\\\/\\\/www.youtube.com\\\/channel\\\/UCW_KTNCIkbBdCJYZUSACJBQ\"]}]}<\/script>\n<!-- \/ Yoast SEO plugin. -->","yoast_head_json":{"title":"Contactez-nous - FR &#8226; 360.Agency","robots":{"index":"index","follow":"follow","max-snippet":"max-snippet:-1","max-image-preview":"max-image-preview:large","max-video-preview":"max-video-preview:-1"},"canonical":"https:\/\/360.agency\/fr\/contactez-nous\/","og_locale":"fr_FR","og_type":"article","og_title":"Contactez-nous - FR &#8226; 360.Agency","og_description":"[vc_row content_placement=\u00a0\u00bbmiddle\u00a0\u00bb css=\u00a0\u00bb.vc_custom_1491230005307{margin-top: 30px !important;}\u00a0\u00bb][vc_column][vc_custom_heading text=\u00a0\u00bbContactez-nous\u00a0\u00bb font_container=\u00a0\u00bbtag:h2|font_size:50px|text_align:center|line_height:40px\u00a0\u00bb google_fonts=\u00a0\u00bbfont_family:Roboto%3A100%2C100italic%2C300%2C300italic%2Cregular%2Citalic%2C500%2C500italic%2C700%2C700italic%2C900%2C900italic\u00a0\u00bb el_class=\u00a0\u00bbtitle_primary\u00a0\u00bb css=\u00a0\u00bb.vc_custom_1695832320984{margin-top: 30px !important;margin-bottom: 0px !important;border-bottom-width: 0px !important;padding-bottom: 0px !important;}\u00a0\u00bb][vc_empty_space][vc_custom_heading text=\u00a0\u00bbComment pouvons-nous vous aider aujourd&rsquo;hui ?\u00a0\u00bb font_container=\u00a0\u00bbtag:h2|text_align:center\u00a0\u00bb google_fonts=\u00a0\u00bbfont_family:Roboto%3A100%2C100italic%2C300%2C300italic%2Cregular%2Citalic%2C500%2C500italic%2C700%2C700italic%2C900%2C900italic\u00a0\u00bb el_class=\u00a0\u00bbtitle_primary\u00a0\u00bb css=\u00a0\u00bb.vc_custom_1695831743086{margin-top: 0px !important;margin-bottom: 30px !important;border-top-width: 0px !important;border-bottom-width: 0px !important;padding-top: 0px !important;padding-bottom: 0px !important;}\u00a0\u00bb][\/vc_column][\/vc_row][vc_row gap=\u00a0\u00bb10&Prime; equal_height=\u00a0\u00bbyes\u00a0\u00bb content_placement=\u00a0\u00bbtop\u00a0\u00bb][vc_column width=\u00a0\u00bb1\/2&Prime; css=\u00a0\u00bb.vc_custom_1695748558302{margin-top: 20px !important;margin-right: 20px !important;margin-bottom: 0px !important;margin-left: 20px !important;border-top-width: 1px !important;border-right-width: &hellip; Continuer la lecture de &laquo;&nbsp;Contactez-nous &#8211; FR&nbsp;&raquo;","og_url":"https:\/\/360.agency\/fr\/contactez-nous\/","og_site_name":"360.Agency","article_publisher":"https:\/\/www.facebook.com\/360.agencymtl","article_modified_time":"2025-07-02T14:09:07+00:00","twitter_card":"summary_large_image","twitter_misc":{"Dur\u00e9e de lecture est.":"3 minutes"},"schema":{"@context":"https:\/\/schema.org","@graph":[{"@type":"WebPage","@id":"https:\/\/360.agency\/fr\/contactez-nous\/","url":"https:\/\/360.agency\/fr\/contactez-nous\/","name":"Contactez-nous - FR &#8226; 360.Agency","isPartOf":{"@id":"https:\/\/360.agency\/en\/#website"},"datePublished":"2017-04-05T01:21:08+00:00","dateModified":"2025-07-02T14:09:07+00:00","breadcrumb":{"@id":"https:\/\/360.agency\/fr\/contactez-nous\/#breadcrumb"},"inLanguage":"fr-FR","potentialAction":[{"@type":"ReadAction","target":["https:\/\/360.agency\/fr\/contactez-nous\/"]}]},{"@type":"BreadcrumbList","@id":"https:\/\/360.agency\/fr\/contactez-nous\/#breadcrumb","itemListElement":[{"@type":"ListItem","position":1,"name":"Home","item":"https:\/\/360.agency\/fr\/"},{"@type":"ListItem","position":2,"name":"Contactez-nous &#8211; FR"}]},{"@type":"WebSite","@id":"https:\/\/360.agency\/en\/#website","url":"https:\/\/360.agency\/en\/","name":"360.Agency","description":"","publisher":{"@id":"https:\/\/360.agency\/en\/#organization"},"potentialAction":[{"@type":"SearchAction","target":{"@type":"EntryPoint","urlTemplate":"https:\/\/360.agency\/en\/?s={search_term_string}"},"query-input":{"@type":"PropertyValueSpecification","valueRequired":true,"valueName":"search_term_string"}}],"inLanguage":"fr-FR"},{"@type":"Organization","@id":"https:\/\/360.agency\/en\/#organization","name":"360.Agency","url":"https:\/\/360.agency\/en\/","logo":{"@type":"ImageObject","inLanguage":"fr-FR","@id":"https:\/\/360.agency\/en\/#\/schema\/logo\/image\/","url":"https:\/\/360.agency\/wp-content\/uploads\/2021\/09\/logo_dark_360.agency-400x135-1.png","contentUrl":"https:\/\/360.agency\/wp-content\/uploads\/2021\/09\/logo_dark_360.agency-400x135-1.png","width":400,"height":135,"caption":"360.Agency"},"image":{"@id":"https:\/\/360.agency\/en\/#\/schema\/logo\/image\/"},"sameAs":["https:\/\/www.facebook.com\/360.agencymtl","https:\/\/www.instagram.com\/360.agencymtl\/","https:\/\/www.linkedin.com\/company\/9325060","https:\/\/www.youtube.com\/channel\/UCW_KTNCIkbBdCJYZUSACJBQ"]}]}},"jetpack_sharing_enabled":true,"_links":{"self":[{"href":"https:\/\/360.agency\/fr\/wp-json\/wp\/v2\/pages\/3357","targetHints":{"allow":["GET"]}}],"collection":[{"href":"https:\/\/360.agency\/fr\/wp-json\/wp\/v2\/pages"}],"about":[{"href":"https:\/\/360.agency\/fr\/wp-json\/wp\/v2\/types\/page"}],"author":[{"embeddable":true,"href":"https:\/\/360.agency\/fr\/wp-json\/wp\/v2\/users\/26"}],"replies":[{"embeddable":true,"href":"https:\/\/360.agency\/fr\/wp-json\/wp\/v2\/comments?post=3357"}],"version-history":[{"count":7,"href":"https:\/\/360.agency\/fr\/wp-json\/wp\/v2\/pages\/3357\/revisions"}],"predecessor-version":[{"id":43580,"href":"https:\/\/360.agency\/fr\/wp-json\/wp\/v2\/pages\/3357\/revisions\/43580"}],"wp:attachment":[{"href":"https:\/\/360.agency\/fr\/wp-json\/wp\/v2\/media?parent=3357"}],"curies":[{"name":"wp","href":"https:\/\/api.w.org\/{rel}","templated":true}]}}