{"id":27715,"date":"2021-08-12T16:00:32","date_gmt":"2021-08-12T20:00:32","guid":{"rendered":"https:\/\/360.agency\/?page_id=27715"},"modified":"2021-10-15T13:56:58","modified_gmt":"2021-10-15T17:56:58","slug":"pixel-guru","status":"publish","type":"page","link":"https:\/\/360.agency\/fr\/compagnies\/pixel-guru\/","title":{"rendered":"Pixel Guru"},"content":{"rendered":"<div class=\"wpb-content-wrapper\"><p>[vc_row full_width=\u00a0\u00bbstretch_row_content_no_spaces\u00a0\u00bb content_placement=\u00a0\u00bbtop\u00a0\u00bb css=\u00a0\u00bb.vc_custom_1628716335800{padding-bottom: 0px !important;background-color: #ffffff !important;}\u00a0\u00bb el_class=\u00a0\u00bbrow-header\u00a0\u00bb][vc_column offset=\u00a0\u00bbvc_hidden-xs\u00a0\u00bb]<div class='gambit_background_row' style='background-image: url(https:\/\/360.agency\/wp-content\/uploads\/2021\/08\/Header-PixelGuru-2000px-1.jpg);background-size: cover;background-position: center;'><\/div>[vc_row_inner content_placement=\u00a0\u00bbtop\u00a0\u00bb css=\u00a0\u00bb.vc_custom_1628716233832{padding-bottom: 100px !important;}\u00a0\u00bb el_class=\u00a0\u00bbrow-header\u00a0\u00bb][vc_column_inner offset=\u00a0\u00bbvc_col-lg-offset-6 vc_col-md-offset-6 vc_col-sm-offset-0 vc_col-xs-12 vc_hidden-xs\u00a0\u00bb][vc_custom_heading text=\u00a0\u00bbPixel Guru\u00a0\u00bb font_container=\u00a0\u00bbtag:div|font_size:60px|text_align:left|color:%23ffffff|line_height:50px\u00a0\u00bb google_fonts=\u00a0\u00bbfont_family:Roboto%3A100%2C100italic%2C300%2C300italic%2Cregular%2Citalic%2C500%2C500italic%2C700%2C700italic%2C900%2C900italic|font_style:100%20light%20regular%3A100%3Anormal\u00a0\u00bb css=\u00a0\u00bb.vc_custom_1628264790920{margin-bottom: 0px !important;border-bottom-width: 0px !important;padding-top: 100px !important;padding-bottom: 30px !important;}\u00a0\u00bb][vc_custom_heading text=\u00a0\u00bbPixel Guru est votre partenaire d\u2019affaires sp\u00e9cialis\u00e9 dans la prise de photos d\u2019inventaires de qualit\u00e9 professionnelle rapide, facile et \u00e9conomique.\u00a0\u00bb font_container=\u00a0\u00bbtag:h1|font_size:16px|text_align:left|color:%23ffffff|line_height:28px\u00a0\u00bb google_fonts=\u00a0\u00bbfont_family:Roboto%3A100%2C100italic%2C300%2C300italic%2Cregular%2Citalic%2C500%2C500italic%2C700%2C700italic%2C900%2C900italic|font_style:400%20regular%3A400%3Anormal\u00a0\u00bb el_class=\u00a0\u00bbtext_regular_white\u00a0\u00bb css=\u00a0\u00bb.vc_custom_1630434854485{margin-top: 5px !important;margin-bottom: 10px !important;border-top-width: 0px !important;border-bottom-width: 0px !important;padding-top: 0px !important;padding-bottom: 0px !important;}\u00a0\u00bb][vc_btn title=\u00a0\u00bbCONTACTEZ-NOUS\u00a0\u00bb style=\u00a0\u00bbclassic\u00a0\u00bb shape=\u00a0\u00bbsquare\u00a0\u00bb color=\u00a0\u00bbjuicy-pink\u00a0\u00bb css=\u00a0\u00bb.vc_custom_1630098020142{margin-bottom: 50px !important;padding-top: 30px !important;}\u00a0\u00bb el_class=\u00a0\u00bbbutton_secondary\u00a0\u00bb link=\u00a0\u00bburl:https%3A%2F%2Fpixelguru.com%2Fcontact%2F|rel:nofollow\u00a0\u00bb][\/vc_column_inner][\/vc_row_inner][\/vc_column][\/vc_row][vc_row full_width=\u00a0\u00bbstretch_row_content_no_spaces\u00a0\u00bb css=\u00a0\u00bb.vc_custom_1630333424824{margin-top: 0px !important;margin-right: 0px !important;margin-bottom: 0px !important;margin-left: 0px !important;border-top-width: 0px !important;border-right-width: 0px !important;border-bottom-width: 0px !important;border-left-width: 0px !important;padding-top: 0px !important;padding-right: 0px !important;padding-bottom: 70px !important;padding-left: 0px !important;background-color: #ffffff !important;}\u00a0\u00bb el_class=\u00a0\u00bbrow-header-mobile\u00a0\u00bb][vc_column offset=\u00a0\u00bbvc_hidden-lg vc_hidden-md vc_hidden-sm\u00a0\u00bb css=\u00a0\u00bb.vc_custom_1609797080980{margin-top: 0px !important;margin-right: 0px !important;margin-bottom: 0px !important;margin-left: 0px !important;border-top-width: 0px !important;border-right-width: 0px !important;border-bottom-width: 0px !important;border-left-width: 0px !important;padding-top: 0px !important;padding-right: 0px !important;padding-bottom: 0px !important;padding-left: 0px !important;}\u00a0\u00bb][vc_row_inner][vc_column_inner offset=\u00a0\u00bbvc_hidden-lg vc_hidden-md\u00a0\u00bb css=\u00a0\u00bb.vc_custom_1602616553426{margin-top: 0px !important;margin-right: 0px !important;margin-bottom: 0px !important;margin-left: 0px !important;}\u00a0\u00bb]<div class='gambit_background_row' style='background-image: url(https:\/\/360.agency\/wp-content\/uploads\/2021\/08\/Header-PixelGuru-876px-1.jpg);background-size: cover;background-position: center;'><\/div>[vc_custom_heading text=\u00a0\u00bbPixel Guru\u00a0\u00bb font_container=\u00a0\u00bbtag:div|font_size:40px|text_align:center|color:%23ffffff|line_height:40px\u00a0\u00bb google_fonts=\u00a0\u00bbfont_family:Roboto%3A100%2C100italic%2C300%2C300italic%2Cregular%2Citalic%2C500%2C500italic%2C700%2C700italic%2C900%2C900italic|font_style:100%20light%20regular%3A100%3Anormal\u00a0\u00bb el_class=\u00a0\u00bbrow-header-mobile\u00a0\u00bb css=\u00a0\u00bb.vc_custom_1628265116165{margin-top: 0px !important;margin-right: 0px !important;margin-bottom: 0px !important;margin-left: 0px !important;border-top-width: 0px !important;border-right-width: 0px !important;border-bottom-width: 0px !important;border-left-width: 0px !important;padding-top: 110px !important;padding-right: 0px !important;padding-bottom: 0px !important;padding-left: 0px !important;}\u00a0\u00bb][vc_empty_space height=\u00a0\u00bb82px\u00a0\u00bb][\/vc_column_inner][\/vc_row_inner][vc_row_inner][vc_column_inner offset=\u00a0\u00bbvc_hidden-lg vc_hidden-md vc_hidden-sm\u00a0\u00bb]<div class='gambit_background_row' style='background-color: #cccccc;background-size: cover;background-position: center;'><\/div>[vc_custom_heading text=\u00a0\u00bbPixel Guru est votre partenaire d\u2019affaires sp\u00e9cialis\u00e9 dans la prise de photos d\u2019inventaires de qualit\u00e9 professionnelle rapide, facile et \u00e9conomique.\u00a0\u00bb font_container=\u00a0\u00bbtag:h1|font_size:16px|text_align:left|color:%234a4a4a|line_height:28px\u00a0\u00bb google_fonts=\u00a0\u00bbfont_family:Roboto%3A100%2C100italic%2C300%2C300italic%2Cregular%2Citalic%2C500%2C500italic%2C700%2C700italic%2C900%2C900italic|font_style:400%20regular%3A400%3Anormal\u00a0\u00bb el_class=\u00a0\u00bbtext_regular_white\u00a0\u00bb css=\u00a0\u00bb.vc_custom_1630434870633{margin-bottom: 20px !important;}\u00a0\u00bb][vc_btn title=\u00a0\u00bbCONTACTEZ-NOUS\u00a0\u00bb style=\u00a0\u00bboutline\u00a0\u00bb shape=\u00a0\u00bbsquare\u00a0\u00bb color=\u00a0\u00bbblack\u00a0\u00bb align=\u00a0\u00bbcenter\u00a0\u00bb css=\u00a0\u00bb.vc_custom_1630097998387{margin-top: 0px !important;margin-right: 20px !important;margin-bottom: 40px !important;margin-left: 20px !important;border-top-width: 0px !important;border-right-width: 0px !important;border-bottom-width: 0px !important;border-left-width: 0px !important;padding-top: 0px !important;padding-right: 0px !important;padding-bottom: 0px !important;padding-left: 0px !important;}\u00a0\u00bb link=\u00a0\u00bburl:https%3A%2F%2Fpixelguru.com%2Fcontact%2F|rel:nofollow\u00a0\u00bb][\/vc_column_inner][\/vc_row_inner][\/vc_column][\/vc_row][vc_row content_placement=\u00a0\u00bbmiddle\u00a0\u00bb css=\u00a0\u00bb.vc_custom_1630333415021{margin-top: 0px !important;}\u00a0\u00bb][vc_column][vc_single_image image=\u00a0\u00bb27723&Prime; img_size=\u00a0\u00bbfull\u00a0\u00bb alignment=\u00a0\u00bbcenter\u00a0\u00bb onclick=\u00a0\u00bbcustom_link\u00a0\u00bb css=\u00a0\u00bb.vc_custom_1628267661706{margin-top: 0px !important;margin-right: 0px !important;margin-bottom: 0px !important;margin-left: 0px !important;border-top-width: 0px !important;border-bottom-width: 0px !important;padding-top: 20px !important;padding-bottom: 0px !important;}\u00a0\u00bb][vc_empty_space height=\u00a0\u00bb70px\u00a0\u00bb][vc_column_text css=\u00a0\u00bb.vc_custom_1630094671851{margin-bottom: 0px !important;border-bottom-width: 0px !important;padding-bottom: 10px !important;}\u00a0\u00bb]<span style=\"font-family: Roboto;\"><span style=\"font-weight: 400;\"><a href=\"https:\/\/pixelguru.com\/\" target=\"_blank\" rel=\"noopener\"><span style=\"color: #705af9;\"><strong>Pixel Guru<\/strong><\/span><\/a> <\/span><span style=\"font-weight: 400;\">est une entreprise qu\u00e9b\u00e9coise cofond\u00e9e par Pier-Olivier Beaupr\u00e9 en 2016 qui propose une application mobile sp\u00e9cialement d\u00e9velopp\u00e9e pour les concessionnaires automobiles. Cette derni\u00e8re permet la r\u00e9alisation et la mise en ligne simple et rapide de photos professionnelles trait\u00e9es par intelligence artificielle pour les inventaires de v\u00e9hicules neufs et d&rsquo;occasion.\u00a0<\/span><\/span><\/p>\n<p><span style=\"font-weight: 400;\">Partageant le m\u00eame esprit d\u2019innovation que 360.Agency, l\u2019entreprise a \u00e9t\u00e9 la pionni\u00e8re de cette technologie au Canada.<\/span>[\/vc_column_text][vc_empty_space height=\u00a0\u00bb30px\u00a0\u00bb][\/vc_column][vc_column width=\u00a0\u00bb1\/2&Prime;][vc_column_text css=\u00a0\u00bb.vc_custom_1630333113951{margin-bottom: 0px !important;border-bottom-width: 0px !important;padding-bottom: 20px !important;}\u00a0\u00bb]<span style=\"font-family: Roboto; font-size: 14pt;\"><b>Vos avantages :<\/b><\/span>[\/vc_column_text][vc_column_text css=\u00a0\u00bb.vc_custom_1630435064496{margin-bottom: 0px !important;padding-left: 30px !important;}\u00a0\u00bb]<\/p>\n<ul class=\"lipurple\">\n<li><span style=\"color: #333; font-weight: 400; font-family: Roboto; font-size: 12pt;\">Appli simple d\u2019utilisation<\/span><\/li>\n<li><span style=\"color: #333; font-weight: 400; font-family: Roboto; font-size: 12pt;\">Mise en ligne de vos photos en moins d&rsquo;une heure<\/span><\/li>\n<li><span style=\"color: #333; font-weight: 400; font-family: Roboto; font-size: 12pt;\">Insertions de mots cl\u00e9s pour le r\u00e9f\u00e9rencement naturel<\/span><\/li>\n<li><span style=\"color: #333; font-weight: 400; font-family: Roboto; font-size: 12pt;\">Ajout de votre logo et de votre image de marque aux photos<\/span><\/li>\n<\/ul>\n<p>[\/vc_column_text][\/vc_column][vc_column width=\u00a0\u00bb1\/2&Prime;][vc_single_image image=\u00a0\u00bb27750&Prime; img_size=\u00a0\u00bb600&#215;300&Prime; alignment=\u00a0\u00bbcenter\u00a0\u00bb onclick=\u00a0\u00bbcustom_link\u00a0\u00bb css=\u00a0\u00bb.vc_custom_1630097904982{margin-top: 0px !important;margin-right: 0px !important;margin-bottom: 0px !important;margin-left: 0px !important;border-top-width: 0px !important;border-bottom-width: 0px !important;padding-top: 20px !important;padding-bottom: 0px !important;}\u00a0\u00bb][\/vc_column][vc_column][vc_empty_space height=\u00a0\u00bb30px\u00a0\u00bb][vc_column_text]<\/p>\n<h2 style=\"text-align: center;\"><strong><span style=\"font-family: Roboto; font-size: 18pt;\">Des photos parfaites \u00e0 chaque fois, n\u2019importe o\u00f9 n&rsquo;importe quand !<\/span><\/strong><\/h2>\n<p>[\/vc_column_text][vc_column_text css=\u00a0\u00bb.vc_custom_1630095233853{margin-bottom: 0px !important;border-bottom-width: 0px !important;padding-bottom: 10px !important;}\u00a0\u00bb]<span style=\"font-weight: 400; font-family: Roboto;\">Ce partenariat s\u2019inscrit dans notre volont\u00e9 d\u2019offrir la solution la plus compl\u00e8te possible \u00e0 nos clients concessionnaires afin de leur assurer la meilleure transition vers la nouvelle r\u00e9alit\u00e9 de la vente en ligne dans l\u2019industrie automobile.\u00a0<\/span>[\/vc_column_text][\/vc_column][\/vc_row][vc_row css=\u00a0\u00bb.vc_custom_1628716213890{margin-top: 0px !important;}\u00a0\u00bb][vc_column width=\u00a0\u00bb1\/6&Prime;][\/vc_column][vc_column width=\u00a0\u00bb2\/3&Prime;][vc_empty_space height=\u00a0\u00bb30px\u00a0\u00bb][vc_column_text css=\u00a0\u00bb.vc_custom_1630097553177{margin-bottom: 0px !important;border-bottom-width: 0px !important;}\u00a0\u00bb]<span style=\"font-family: Roboto;\"><i><span style=\"font-weight: 400;\">\u00ab J\u2019\u00e9tais \u00e0 la recherche d\u2019une entreprise dynamique qui avait \u00e0 c\u0153ur le succ\u00e8s de Pixel Guru, mais avec qui je voudrais aussi demeurer partie int\u00e9grante et pour qui le volet humain et personnel \u00e9tait tout aussi important \u00bb,<\/span><\/i><span style=\"font-weight: 400;\"><strong> Pier-Olivier Beaupr\u00e9<\/strong>, Cofondateur de Pixel Guru.<\/span><\/span>[\/vc_column_text][vc_empty_space height=\u00a0\u00bb30px\u00a0\u00bb][vc_column_text css=\u00a0\u00bb.vc_custom_1630097564527{margin-bottom: 0px !important;border-bottom-width: 0px !important;}\u00a0\u00bb]<span style=\"font-family: Roboto;\"><i><span style=\"font-weight: 400;\">\u00ab Il est important pour 360.Agency que chaque partenariat soit b\u00e9n\u00e9fique autant sur le plan d&rsquo;affaires que personnel. D\u2019un point de vue des valeurs d\u2019entreprise, de la mission et sur le plan \u00e9thique, 360.Agency et Pixel Guru sont tr\u00e8s proches et cadrent tr\u00e8s bien ensemble \u00bb, <\/span><\/i><span style=\"font-weight: 400;\">conclut <strong>Louis-Yves Cloutier<\/strong>.<\/span><\/span>[\/vc_column_text][\/vc_column][vc_column width=\u00a0\u00bb1\/6&Prime;][\/vc_column][\/vc_row][vc_row][vc_column][vc_empty_space height=\u00a0\u00bb50px\u00a0\u00bb][vc_btn title=\u00a0\u00bbEn savoir plus sur notre appli de photos pour concessionnaires\u00a0\u00bb style=\u00a0\u00bbclassic\u00a0\u00bb shape=\u00a0\u00bbsquare\u00a0\u00bb color=\u00a0\u00bbblack\u00a0\u00bb align=\u00a0\u00bbcenter\u00a0\u00bb css=\u00a0\u00bb.vc_custom_1634320612281{margin-bottom: 50px !important;padding-top: 10px !important;}\u00a0\u00bb el_class=\u00a0\u00bbbutton_primary\u00a0\u00bb link=\u00a0\u00bburl:https%3A%2F%2F360.agency%2Ffr%2Fsolutions-pour-concessionnaires-automobiles%2Fsolutions-automobiles-web-mobile%2Fapplication-pixel-guru%2F|rel:nofollow\u00a0\u00bb][vc_empty_space height=\u00a0\u00bb50px\u00a0\u00bb][\/vc_column][\/vc_row]<\/p>\n<\/div><!-- AddThis Advanced Settings generic via filter on the_content --><!-- AddThis Share Buttons generic via filter on the_content -->","protected":false},"excerpt":{"rendered":"<p>[vc_row full_width=\u00a0\u00bbstretch_row_content_no_spaces\u00a0\u00bb content_placement=\u00a0\u00bbtop\u00a0\u00bb css=\u00a0\u00bb.vc_custom_1628716335800{padding-bottom: 0px !important;background-color: #ffffff !important;}\u00a0\u00bb el_class=\u00a0\u00bbrow-header\u00a0\u00bb][vc_column offset=\u00a0\u00bbvc_hidden-xs\u00a0\u00bb][vc_row_inner content_placement=\u00a0\u00bbtop\u00a0\u00bb css=\u00a0\u00bb.vc_custom_1628716233832{padding-bottom: 100px !important;}\u00a0\u00bb el_class=\u00a0\u00bbrow-header\u00a0\u00bb][vc_column_inner offset=\u00a0\u00bbvc_col-lg-offset-6 vc_col-md-offset-6 vc_col-sm-offset-0 vc_col-xs-12 vc_hidden-xs\u00a0\u00bb][vc_custom_heading text=\u00a0\u00bbPixel Guru\u00a0\u00bb font_container=\u00a0\u00bbtag:div|font_size:60px|text_align:left|color:%23ffffff|line_height:50px\u00a0\u00bb google_fonts=\u00a0\u00bbfont_family:Roboto%3A100%2C100italic%2C300%2C300italic%2Cregular%2Citalic%2C500%2C500italic%2C700%2C700italic%2C900%2C900italic|font_style:100%20light%20regular%3A100%3Anormal\u00a0\u00bb css=\u00a0\u00bb.vc_custom_1628264790920{margin-bottom: 0px !important;border-bottom-width: 0px !important;padding-top: 100px !important;padding-bottom: 30px !important;}\u00a0\u00bb][vc_custom_heading text=\u00a0\u00bbPixel Guru est votre partenaire d\u2019affaires sp\u00e9cialis\u00e9 dans la prise de photos d\u2019inventaires de qualit\u00e9 professionnelle rapide, facile et \u00e9conomique.\u00a0\u00bb font_container=\u00a0\u00bbtag:h1|font_size:16px|text_align:left|color:%23ffffff|line_height:28px\u00a0\u00bb google_fonts=\u00a0\u00bbfont_family:Roboto%3A100%2C100italic%2C300%2C300italic%2Cregular%2Citalic%2C500%2C500italic%2C700%2C700italic%2C900%2C900italic|font_style:400%20regular%3A400%3Anormal\u00a0\u00bb &hellip; <\/p>\n<p class=\"link-more\"><a href=\"https:\/\/360.agency\/fr\/compagnies\/pixel-guru\/\" class=\"more-link\">Continuer la lecture<span class=\"screen-reader-text\"> de &laquo;&nbsp;Pixel Guru&nbsp;&raquo;<\/span><\/a><\/p>\n<p><!-- AddThis Advanced Settings generic via filter on get_the_excerpt --><!-- AddThis Share Buttons generic via filter on get_the_excerpt --><\/p>\n","protected":false},"author":26,"featured_media":0,"parent":3314,"menu_order":0,"comment_status":"closed","ping_status":"closed","template":"","meta":{"footnotes":""},"class_list":["post-27715","page","type-page","status-publish","hentry"],"yoast_head":"<!-- This site is optimized with the Yoast SEO plugin v27.3 - https:\/\/yoast.com\/product\/yoast-seo-wordpress\/ -->\n<title>Pixel Guru &#8226; 360.Agency<\/title>\n<meta name=\"description\" content=\"L&#039;appli rapide, facile et \u00e9conomique pour des photos d\u2019inventaire de qualit\u00e9.Des photos parfaites \u00e0 chaque fois, n\u2019importe o\u00f9, n\u2019importe quand!\" \/>\n<meta name=\"robots\" content=\"index, follow, max-snippet:-1, max-image-preview:large, max-video-preview:-1\" \/>\n<link rel=\"canonical\" href=\"https:\/\/360.agency\/fr\/compagnies\/pixel-guru\/\" \/>\n<meta property=\"og:locale\" content=\"fr_FR\" \/>\n<meta property=\"og:type\" content=\"article\" \/>\n<meta property=\"og:title\" content=\"Pixel Guru &#8226; 360.Agency\" \/>\n<meta property=\"og:description\" content=\"L&#039;appli rapide, facile et \u00e9conomique pour des photos d\u2019inventaire de qualit\u00e9.Des photos parfaites \u00e0 chaque fois, n\u2019importe o\u00f9, n\u2019importe quand!\" \/>\n<meta property=\"og:url\" content=\"https:\/\/360.agency\/fr\/compagnies\/pixel-guru\/\" \/>\n<meta property=\"og:site_name\" content=\"360.Agency\" \/>\n<meta property=\"article:publisher\" content=\"https:\/\/www.facebook.com\/360.agencymtl\" \/>\n<meta property=\"article:modified_time\" content=\"2021-10-15T17:56:58+00:00\" \/>\n<meta name=\"twitter:card\" content=\"summary_large_image\" \/>\n<meta name=\"twitter:label1\" content=\"Dur\u00e9e de lecture est.\" \/>\n\t<meta name=\"twitter:data1\" content=\"3 minutes\" \/>\n<script type=\"application\/ld+json\" class=\"yoast-schema-graph\">{\"@context\":\"https:\\\/\\\/schema.org\",\"@graph\":[{\"@type\":\"WebPage\",\"@id\":\"https:\\\/\\\/360.agency\\\/fr\\\/compagnies\\\/pixel-guru\\\/\",\"url\":\"https:\\\/\\\/360.agency\\\/fr\\\/compagnies\\\/pixel-guru\\\/\",\"name\":\"Pixel Guru &#8226; 360.Agency\",\"isPartOf\":{\"@id\":\"https:\\\/\\\/360.agency\\\/en\\\/#website\"},\"datePublished\":\"2021-08-12T20:00:32+00:00\",\"dateModified\":\"2021-10-15T17:56:58+00:00\",\"description\":\"L'appli rapide, facile et \u00e9conomique pour des photos d\u2019inventaire de qualit\u00e9.Des photos parfaites \u00e0 chaque fois, n\u2019importe o\u00f9, n\u2019importe quand!\",\"breadcrumb\":{\"@id\":\"https:\\\/\\\/360.agency\\\/fr\\\/compagnies\\\/pixel-guru\\\/#breadcrumb\"},\"inLanguage\":\"fr-FR\",\"potentialAction\":[{\"@type\":\"ReadAction\",\"target\":[\"https:\\\/\\\/360.agency\\\/fr\\\/compagnies\\\/pixel-guru\\\/\"]}]},{\"@type\":\"BreadcrumbList\",\"@id\":\"https:\\\/\\\/360.agency\\\/fr\\\/compagnies\\\/pixel-guru\\\/#breadcrumb\",\"itemListElement\":[{\"@type\":\"ListItem\",\"position\":1,\"name\":\"Home\",\"item\":\"https:\\\/\\\/360.agency\\\/fr\\\/\"},{\"@type\":\"ListItem\",\"position\":2,\"name\":\"compagnies &#8211; FR\",\"item\":\"https:\\\/\\\/360.agency\\\/fr\\\/compagnies\\\/\"},{\"@type\":\"ListItem\",\"position\":3,\"name\":\"Pixel Guru\"}]},{\"@type\":\"WebSite\",\"@id\":\"https:\\\/\\\/360.agency\\\/en\\\/#website\",\"url\":\"https:\\\/\\\/360.agency\\\/en\\\/\",\"name\":\"360.Agency\",\"description\":\"\",\"publisher\":{\"@id\":\"https:\\\/\\\/360.agency\\\/en\\\/#organization\"},\"potentialAction\":[{\"@type\":\"SearchAction\",\"target\":{\"@type\":\"EntryPoint\",\"urlTemplate\":\"https:\\\/\\\/360.agency\\\/en\\\/?s={search_term_string}\"},\"query-input\":{\"@type\":\"PropertyValueSpecification\",\"valueRequired\":true,\"valueName\":\"search_term_string\"}}],\"inLanguage\":\"fr-FR\"},{\"@type\":\"Organization\",\"@id\":\"https:\\\/\\\/360.agency\\\/en\\\/#organization\",\"name\":\"360.Agency\",\"url\":\"https:\\\/\\\/360.agency\\\/en\\\/\",\"logo\":{\"@type\":\"ImageObject\",\"inLanguage\":\"fr-FR\",\"@id\":\"https:\\\/\\\/360.agency\\\/en\\\/#\\\/schema\\\/logo\\\/image\\\/\",\"url\":\"https:\\\/\\\/360.agency\\\/wp-content\\\/uploads\\\/2021\\\/09\\\/logo_dark_360.agency-400x135-1.png\",\"contentUrl\":\"https:\\\/\\\/360.agency\\\/wp-content\\\/uploads\\\/2021\\\/09\\\/logo_dark_360.agency-400x135-1.png\",\"width\":400,\"height\":135,\"caption\":\"360.Agency\"},\"image\":{\"@id\":\"https:\\\/\\\/360.agency\\\/en\\\/#\\\/schema\\\/logo\\\/image\\\/\"},\"sameAs\":[\"https:\\\/\\\/www.facebook.com\\\/360.agencymtl\",\"https:\\\/\\\/www.instagram.com\\\/360.agencymtl\\\/\",\"https:\\\/\\\/www.linkedin.com\\\/company\\\/9325060\",\"https:\\\/\\\/www.youtube.com\\\/channel\\\/UCW_KTNCIkbBdCJYZUSACJBQ\"]}]}<\/script>\n<!-- \/ Yoast SEO plugin. -->","yoast_head_json":{"title":"Pixel Guru &#8226; 360.Agency","description":"L'appli rapide, facile et \u00e9conomique pour des photos d\u2019inventaire de qualit\u00e9.Des photos parfaites \u00e0 chaque fois, n\u2019importe o\u00f9, n\u2019importe quand!","robots":{"index":"index","follow":"follow","max-snippet":"max-snippet:-1","max-image-preview":"max-image-preview:large","max-video-preview":"max-video-preview:-1"},"canonical":"https:\/\/360.agency\/fr\/compagnies\/pixel-guru\/","og_locale":"fr_FR","og_type":"article","og_title":"Pixel Guru &#8226; 360.Agency","og_description":"L'appli rapide, facile et \u00e9conomique pour des photos d\u2019inventaire de qualit\u00e9.Des photos parfaites \u00e0 chaque fois, n\u2019importe o\u00f9, n\u2019importe quand!","og_url":"https:\/\/360.agency\/fr\/compagnies\/pixel-guru\/","og_site_name":"360.Agency","article_publisher":"https:\/\/www.facebook.com\/360.agencymtl","article_modified_time":"2021-10-15T17:56:58+00:00","twitter_card":"summary_large_image","twitter_misc":{"Dur\u00e9e de lecture est.":"3 minutes"},"schema":{"@context":"https:\/\/schema.org","@graph":[{"@type":"WebPage","@id":"https:\/\/360.agency\/fr\/compagnies\/pixel-guru\/","url":"https:\/\/360.agency\/fr\/compagnies\/pixel-guru\/","name":"Pixel Guru &#8226; 360.Agency","isPartOf":{"@id":"https:\/\/360.agency\/en\/#website"},"datePublished":"2021-08-12T20:00:32+00:00","dateModified":"2021-10-15T17:56:58+00:00","description":"L'appli rapide, facile et \u00e9conomique pour des photos d\u2019inventaire de qualit\u00e9.Des photos parfaites \u00e0 chaque fois, n\u2019importe o\u00f9, n\u2019importe quand!","breadcrumb":{"@id":"https:\/\/360.agency\/fr\/compagnies\/pixel-guru\/#breadcrumb"},"inLanguage":"fr-FR","potentialAction":[{"@type":"ReadAction","target":["https:\/\/360.agency\/fr\/compagnies\/pixel-guru\/"]}]},{"@type":"BreadcrumbList","@id":"https:\/\/360.agency\/fr\/compagnies\/pixel-guru\/#breadcrumb","itemListElement":[{"@type":"ListItem","position":1,"name":"Home","item":"https:\/\/360.agency\/fr\/"},{"@type":"ListItem","position":2,"name":"compagnies &#8211; FR","item":"https:\/\/360.agency\/fr\/compagnies\/"},{"@type":"ListItem","position":3,"name":"Pixel Guru"}]},{"@type":"WebSite","@id":"https:\/\/360.agency\/en\/#website","url":"https:\/\/360.agency\/en\/","name":"360.Agency","description":"","publisher":{"@id":"https:\/\/360.agency\/en\/#organization"},"potentialAction":[{"@type":"SearchAction","target":{"@type":"EntryPoint","urlTemplate":"https:\/\/360.agency\/en\/?s={search_term_string}"},"query-input":{"@type":"PropertyValueSpecification","valueRequired":true,"valueName":"search_term_string"}}],"inLanguage":"fr-FR"},{"@type":"Organization","@id":"https:\/\/360.agency\/en\/#organization","name":"360.Agency","url":"https:\/\/360.agency\/en\/","logo":{"@type":"ImageObject","inLanguage":"fr-FR","@id":"https:\/\/360.agency\/en\/#\/schema\/logo\/image\/","url":"https:\/\/360.agency\/wp-content\/uploads\/2021\/09\/logo_dark_360.agency-400x135-1.png","contentUrl":"https:\/\/360.agency\/wp-content\/uploads\/2021\/09\/logo_dark_360.agency-400x135-1.png","width":400,"height":135,"caption":"360.Agency"},"image":{"@id":"https:\/\/360.agency\/en\/#\/schema\/logo\/image\/"},"sameAs":["https:\/\/www.facebook.com\/360.agencymtl","https:\/\/www.instagram.com\/360.agencymtl\/","https:\/\/www.linkedin.com\/company\/9325060","https:\/\/www.youtube.com\/channel\/UCW_KTNCIkbBdCJYZUSACJBQ"]}]}},"jetpack_sharing_enabled":true,"_links":{"self":[{"href":"https:\/\/360.agency\/fr\/wp-json\/wp\/v2\/pages\/27715","targetHints":{"allow":["GET"]}}],"collection":[{"href":"https:\/\/360.agency\/fr\/wp-json\/wp\/v2\/pages"}],"about":[{"href":"https:\/\/360.agency\/fr\/wp-json\/wp\/v2\/types\/page"}],"author":[{"embeddable":true,"href":"https:\/\/360.agency\/fr\/wp-json\/wp\/v2\/users\/26"}],"replies":[{"embeddable":true,"href":"https:\/\/360.agency\/fr\/wp-json\/wp\/v2\/comments?post=27715"}],"version-history":[{"count":32,"href":"https:\/\/360.agency\/fr\/wp-json\/wp\/v2\/pages\/27715\/revisions"}],"predecessor-version":[{"id":28457,"href":"https:\/\/360.agency\/fr\/wp-json\/wp\/v2\/pages\/27715\/revisions\/28457"}],"up":[{"embeddable":true,"href":"https:\/\/360.agency\/fr\/wp-json\/wp\/v2\/pages\/3314"}],"wp:attachment":[{"href":"https:\/\/360.agency\/fr\/wp-json\/wp\/v2\/media?parent=27715"}],"curies":[{"name":"wp","href":"https:\/\/api.w.org\/{rel}","templated":true}]}}