{"id":18643,"date":"2019-09-12T14:29:50","date_gmt":"2019-09-12T18:29:50","guid":{"rendered":"https:\/\/360.agency\/les-talents-de-360-agency\/"},"modified":"2023-02-14T17:49:36","modified_gmt":"2023-02-14T22:49:36","slug":"lumiere-metiers-360-agency","status":"publish","type":"page","link":"https:\/\/360.agency\/fr\/lumiere-metiers-360-agency\/","title":{"rendered":"Archives &#8211; Lumi\u00e8re sur les m\u00e9tiers\u00a0360.Agency"},"content":{"rendered":"<div class=\"wpb-content-wrapper\"><p>[vc_row full_width=\u00a0\u00bbstretch_row_content\u00a0\u00bb content_placement=\u00a0\u00bbtop\u00a0\u00bb css=\u00a0\u00bb.vc_custom_1578684837764{margin-top: 0px !important;margin-right: 0px !important;margin-bottom: 0px !important;margin-left: 0px !important;border-top-width: 0px !important;border-right-width: 0px !important;border-bottom-width: 0px !important;border-left-width: 0px !important;padding-top: 0px !important;padding-right: 0px !important;padding-bottom: 0px !important;padding-left: 0px !important;background: #ffffff url(https:\/\/360.agency\/wp-content\/uploads\/2020\/01\/header-2020-1.jpg?id=20597) !important;}\u00a0\u00bb el_class=\u00a0\u00bbrow-header\u00a0\u00bb][vc_column offset=\u00a0\u00bbvc_hidden-sm vc_hidden-xs\u00a0\u00bb][vc_row_inner css=\u00a0\u00bb.vc_custom_1566835982525{margin-top: 80px !important;margin-bottom: 80px !important;}\u00a0\u00bb][vc_column_inner][vc_custom_heading text=\u00a0\u00bbLumi\u00e8re sur les m\u00e9tiers 360.Agency\u00a0\u00bb font_container=\u00a0\u00bbtag:h1|font_size:60px|text_align:center|color:%23ffffff|line_height:65px\u00a0\u00bb google_fonts=\u00a0\u00bbfont_family:Roboto%3A100%2C100italic%2C300%2C300italic%2Cregular%2Citalic%2C500%2C500italic%2C700%2C700italic%2C900%2C900italic|font_style:300%20light%20regular%3A300%3Anormal\u00a0\u00bb el_class=\u00a0\u00bbtitle_secondary\u00a0\u00bb][\/vc_column_inner][\/vc_row_inner][\/vc_column][\/vc_row][vc_row full_width=\u00a0\u00bbstretch_row_content_no_spaces\u00a0\u00bb content_placement=\u00a0\u00bbtop\u00a0\u00bb css=\u00a0\u00bb.vc_custom_1578684869922{margin-top: 0px !important;margin-right: 0px !important;margin-bottom: 0px !important;margin-left: 0px !important;border-top-width: 0px !important;border-right-width: 0px !important;border-bottom-width: 0px !important;border-left-width: 0px !important;padding-top: 0px !important;padding-right: 0px !important;padding-bottom: 0px !important;padding-left: 0px !important;background: #ffffff url(https:\/\/360.agency\/wp-content\/uploads\/2020\/01\/header-2020-mobile-1.jpg?id=20595) !important;}\u00a0\u00bb el_class=\u00a0\u00bbrow-header-mobile\u00a0\u00bb][vc_column offset=\u00a0\u00bbvc_hidden-lg vc_hidden-md vc_hidden-sm\u00a0\u00bb css=\u00a0\u00bb.vc_custom_1491332904721{margin-top: 40px !important;margin-right: 20px !important;margin-bottom: 40px !important;margin-left: 20px !important;border-top-width: 0px !important;border-right-width: 0px !important;border-bottom-width: 0px !important;border-left-width: 0px !important;padding-top: 0px !important;padding-right: 0px !important;padding-bottom: 0px !important;padding-left: 0px !important;}\u00a0\u00bb][vc_custom_heading text=\u00a0\u00bbLumi\u00e8re sur les m\u00e9tiers 360.Agency\u00a0\u00bb font_container=\u00a0\u00bbtag:h1|font_size:40px|text_align:center|color:%23ffffff|line_height:40px\u00a0\u00bb google_fonts=\u00a0\u00bbfont_family:Roboto%3A100%2C100italic%2C300%2C300italic%2Cregular%2Citalic%2C500%2C500italic%2C700%2C700italic%2C900%2C900italic|font_style:300%20light%20regular%3A300%3Anormal\u00a0\u00bb css=\u00a0\u00bb.vc_custom_1568407497640{margin-top: 0px !important;margin-right: 0px !important;margin-bottom: 0px !important;margin-left: 0px !important;border-top-width: 0px !important;border-right-width: 0px !important;border-bottom-width: 0px !important;border-left-width: 0px !important;padding-top: 40px !important;padding-right: 0px !important;padding-bottom: 40px !important;padding-left: 0px !important;}\u00a0\u00bb][\/vc_column][\/vc_row][vc_row][vc_column][vc_row_inner][vc_column_inner][vc_column_text css=\u00a0\u00bb.vc_custom_1626189541492{margin-top: 0px !important;margin-bottom: 0px !important;padding-top: 0px !important;padding-bottom: 0px !important;}\u00a0\u00bb]\t\t\t<div \n\t\t\tclass=\"yotu-playlist yotuwp yotu-limit-min yotu-limit-max   yotu-thumb-169  yotu-template-grid\" \n\t\t\tdata-page=\"1\"\n\t\t\tid=\"yotuwp-69ff7d788dfaf\"\n\t\t\tdata-yotu=\"modal\"\n\t\t\tdata-total=\"1\"\n\t\t\tdata-settings=\"eyJ0eXBlIjoicGxheWxpc3QiLCJpZCI6IlBMekptVUYzajBmZm9GYWE1VUtyOFJEX29HQTcyczhobEEiLCJwYWdpbmF0aW9uIjoib2ZmIiwicGFnaXR5cGUiOiJwYWdlciIsImNvbHVtbiI6IjMiLCJwZXJfcGFnZSI6IjI1IiwidGVtcGxhdGUiOiJncmlkIiwidGl0bGUiOiJvbiIsImRlc2NyaXB0aW9uIjoib2ZmIiwidGh1bWJyYXRpbyI6IjE2OSIsIm1ldGEiOiJvZmYiLCJtZXRhX2RhdGEiOiJvZmYiLCJtZXRhX3Bvc2l0aW9uIjoib2ZmIiwiZGF0ZV9mb3JtYXQiOiJvZmYiLCJtZXRhX2FsaWduIjoib2ZmIiwic3Vic2NyaWJlIjoib2ZmIiwiZHVyYXRpb24iOiJvZmYiLCJtZXRhX2ljb24iOiJvZmYiLCJuZXh0dGV4dCI6IiIsInByZXZ0ZXh0IjoiIiwibG9hZG1vcmV0ZXh0IjoiIiwicGxheWVyIjp7Im1vZGUiOiJwb3B1cCIsIndpZHRoIjoiMTAwMCIsInNjcm9sbGluZyI6IjEwMCIsImF1dG9wbGF5IjoxLCJjb250cm9scyI6MSwibW9kZXN0YnJhbmRpbmciOjEsImxvb3AiOjEsImF1dG9uZXh0IjowLCJzaG93aW5mbyI6MSwicmVsIjoxLCJwbGF5aW5nIjoxLCJwbGF5aW5nX2Rlc2NyaXB0aW9uIjowLCJ0aHVtYm5haWxzIjowLCJjY19sb2FkX3BvbGljeSI6IjEiLCJjY19sYW5nX3ByZWYiOiIxIiwiaGwiOiIiLCJpdl9sb2FkX3BvbGljeSI6IjEifSwibGFzdF90YWIiOiJwcmVtaXVtIiwidXNlX2FzX21vZGFsIjoib2ZmIiwibW9kYWxfaWQiOiJvZmYiLCJsYXN0X3VwZGF0ZSI6IjE2ODQ5NTA1ODAiLCJzdHlsaW5nIjp7InBhZ2VyX2xheW91dCI6ImRlZmF1bHQiLCJidXR0b24iOiIxIiwiYnV0dG9uX2NvbG9yIjoiIiwiYnV0dG9uX2JnX2NvbG9yIjoiIiwiYnV0dG9uX2NvbG9yX2hvdmVyIjoiIiwiYnV0dG9uX2JnX2NvbG9yX2hvdmVyIjoiIiwidmlkZW9fc3R5bGUiOiJhYm5iIiwicGxheWljb25fY29sb3IiOiIiLCJob3Zlcl9pY29uIjoiIiwiZ2FsbGVyeV9iZyI6IiJ9LCJlZmZlY3RzIjp7InZpZGVvX2JveCI6IiIsImZsaXBfZWZmZWN0IjoiIn0sImdhbGxlcnlfaWQiOiI2OWZmN2Q3ODhkZmFmIiwibmV4dCI6IiIsInByZXYiOiIifQ==\"\n\t\t\tdata-player=\"popup\"\n\t\t\tdata-showdesc=\"off\" >\n\t\t\t\t<div>\n\t\t\t\t\t<div class=\"yotu-videos yotu-mode-grid yotu-preset yotu-preset-abnb yotu-column-3 yotu-player-mode-popup\">\n\t<ul>\n\t\t\t\t\t<li class=\" yotu-first\">\n\t\t\t\t\t\t\t\t<a href=\"#gBDLT4JsW_A\" class=\"yotu-video\" data-videoid=\"gBDLT4JsW_A\" data-title=\"360.Spotlight - Marc-Antoine\" title=\"360.Spotlight - Marc-Antoine\">\n\t\t\t\t\t<div class=\"yotu-video-thumb-wrp\">\n\t\t\t\t\t\t<div>\n\t\t\t\t\t\t\t\t\t\t\t\t\t\t<img decoding=\"async\" class=\"yotu-video-thumb\" src=\"https:\/\/i.ytimg.com\/vi\/gBDLT4JsW_A\/sddefault.jpg\" alt=\"360.Spotlight - Marc-Antoine\">\t\n\t\t\t\t\t\t\t\t\t\t\t\t\t<\/div>\n\t\t\t\t\t<\/div>\n\t\t\t\t\t\t\t\t\t\t\t<h3 class=\"yotu-video-title\">360.Spotlight - Marc-Antoine<\/h3>\n\t\t\t\t\t\t\t\t\t\t\t\t\t\t\t\t\t\t\t<\/a>\n\t\t\t\t\t\t\t<\/li>\n\t\t\t\t\n\t\t\t\t\t\t<li class=\"\">\n\t\t\t\t\t\t\t\t<a href=\"#c9ErZMu5BeU\" class=\"yotu-video\" data-videoid=\"c9ErZMu5BeU\" data-title=\"360.Spotlight - Karine\" title=\"360.Spotlight - Karine\">\n\t\t\t\t\t<div class=\"yotu-video-thumb-wrp\">\n\t\t\t\t\t\t<div>\n\t\t\t\t\t\t\t\t\t\t\t\t\t\t<img decoding=\"async\" class=\"yotu-video-thumb\" src=\"https:\/\/i.ytimg.com\/vi\/c9ErZMu5BeU\/sddefault.jpg\" alt=\"360.Spotlight - Karine\">\t\n\t\t\t\t\t\t\t\t\t\t\t\t\t<\/div>\n\t\t\t\t\t<\/div>\n\t\t\t\t\t\t\t\t\t\t\t<h3 class=\"yotu-video-title\">360.Spotlight - Karine<\/h3>\n\t\t\t\t\t\t\t\t\t\t\t\t\t\t\t\t\t\t\t<\/a>\n\t\t\t\t\t\t\t<\/li>\n\t\t\t\t\n\t\t\t\t\t\t<li class=\"\">\n\t\t\t\t\t\t\t\t<a href=\"#A_9BhM4h9Aw\" class=\"yotu-video\" data-videoid=\"A_9BhM4h9Aw\" data-title=\"360.Spotlight - Frederic\" title=\"360.Spotlight - Frederic\">\n\t\t\t\t\t<div class=\"yotu-video-thumb-wrp\">\n\t\t\t\t\t\t<div>\n\t\t\t\t\t\t\t\t\t\t\t\t\t\t<img decoding=\"async\" class=\"yotu-video-thumb\" src=\"https:\/\/i.ytimg.com\/vi\/A_9BhM4h9Aw\/sddefault.jpg\" alt=\"360.Spotlight - Frederic\">\t\n\t\t\t\t\t\t\t\t\t\t\t\t\t<\/div>\n\t\t\t\t\t<\/div>\n\t\t\t\t\t\t\t\t\t\t\t<h3 class=\"yotu-video-title\">360.Spotlight - Frederic<\/h3>\n\t\t\t\t\t\t\t\t\t\t\t\t\t\t\t\t\t\t\t<\/a>\n\t\t\t\t\t\t\t<\/li>\n\t\t\t\t\n\t\t\t\t\t\t<li class=\"\">\n\t\t\t\t\t\t\t\t<a href=\"#qh4E3t6LBWg\" class=\"yotu-video\" data-videoid=\"qh4E3t6LBWg\" data-title=\"360.Spotlight - Marco\" title=\"360.Spotlight - Marco\">\n\t\t\t\t\t<div class=\"yotu-video-thumb-wrp\">\n\t\t\t\t\t\t<div>\n\t\t\t\t\t\t\t\t\t\t\t\t\t\t<img decoding=\"async\" class=\"yotu-video-thumb\" src=\"https:\/\/i.ytimg.com\/vi\/qh4E3t6LBWg\/sddefault.jpg\" alt=\"360.Spotlight - Marco\">\t\n\t\t\t\t\t\t\t\t\t\t\t\t\t<\/div>\n\t\t\t\t\t<\/div>\n\t\t\t\t\t\t\t\t\t\t\t<h3 class=\"yotu-video-title\">360.Spotlight - Marco<\/h3>\n\t\t\t\t\t\t\t\t\t\t\t\t\t\t\t\t\t\t\t<\/a>\n\t\t\t\t\t\t\t<\/li>\n\t\t\t\t\n\t\t\t\t\t\t<li class=\"\">\n\t\t\t\t\t\t\t\t<a href=\"#fhfG_HZTe0Q\" class=\"yotu-video\" data-videoid=\"fhfG_HZTe0Q\" data-title=\"360.Spotlight - Yan\" title=\"360.Spotlight - Yan\">\n\t\t\t\t\t<div class=\"yotu-video-thumb-wrp\">\n\t\t\t\t\t\t<div>\n\t\t\t\t\t\t\t\t\t\t\t\t\t\t<img decoding=\"async\" class=\"yotu-video-thumb\" src=\"https:\/\/i.ytimg.com\/vi\/fhfG_HZTe0Q\/sddefault.jpg\" alt=\"360.Spotlight - Yan\">\t\n\t\t\t\t\t\t\t\t\t\t\t\t\t<\/div>\n\t\t\t\t\t<\/div>\n\t\t\t\t\t\t\t\t\t\t\t<h3 class=\"yotu-video-title\">360.Spotlight - Yan<\/h3>\n\t\t\t\t\t\t\t\t\t\t\t\t\t\t\t\t\t\t\t<\/a>\n\t\t\t\t\t\t\t<\/li>\n\t\t\t\t\n\t\t\t\t\t\t<li class=\"\">\n\t\t\t\t\t\t\t\t<a href=\"#iZB34wUGtOw\" class=\"yotu-video\" data-videoid=\"iZB34wUGtOw\" data-title=\"360.Spotlight - Marc-Andr\u00e9\" title=\"360.Spotlight - Marc-Andr\u00e9\">\n\t\t\t\t\t<div class=\"yotu-video-thumb-wrp\">\n\t\t\t\t\t\t<div>\n\t\t\t\t\t\t\t\t\t\t\t\t\t\t<img decoding=\"async\" class=\"yotu-video-thumb\" src=\"https:\/\/i.ytimg.com\/vi\/iZB34wUGtOw\/sddefault.jpg\" alt=\"360.Spotlight - Marc-Andr\u00e9\">\t\n\t\t\t\t\t\t\t\t\t\t\t\t\t<\/div>\n\t\t\t\t\t<\/div>\n\t\t\t\t\t\t\t\t\t\t\t<h3 class=\"yotu-video-title\">360.Spotlight - Marc-Andr\u00e9<\/h3>\n\t\t\t\t\t\t\t\t\t\t\t\t\t\t\t\t\t\t\t<\/a>\n\t\t\t\t\t\t\t<\/li>\n\t\t\t\t\n\t\t\t\t\t\t<li class=\"\">\n\t\t\t\t\t\t\t\t<a href=\"#w1VcubmLuVk\" class=\"yotu-video\" data-videoid=\"w1VcubmLuVk\" data-title=\"360.Spotlight - Christian Bilodeau\" title=\"360.Spotlight - Christian Bilodeau\">\n\t\t\t\t\t<div class=\"yotu-video-thumb-wrp\">\n\t\t\t\t\t\t<div>\n\t\t\t\t\t\t\t\t\t\t\t\t\t\t<img decoding=\"async\" class=\"yotu-video-thumb\" src=\"https:\/\/i.ytimg.com\/vi\/w1VcubmLuVk\/sddefault.jpg\" alt=\"360.Spotlight - Christian Bilodeau\">\t\n\t\t\t\t\t\t\t\t\t\t\t\t\t<\/div>\n\t\t\t\t\t<\/div>\n\t\t\t\t\t\t\t\t\t\t\t<h3 class=\"yotu-video-title\">360.Spotlight - Christian Bilodeau<\/h3>\n\t\t\t\t\t\t\t\t\t\t\t\t\t\t\t\t\t\t\t<\/a>\n\t\t\t\t\t\t\t<\/li>\n\t\t\t\t\n\t\t\t\t\t\t<li class=\"\">\n\t\t\t\t\t\t\t\t<a href=\"#dXAJn-tgP0Q\" class=\"yotu-video\" data-videoid=\"dXAJn-tgP0Q\" data-title=\"360.Spotlight - Brandon Kohut\" title=\"360.Spotlight - Brandon Kohut\">\n\t\t\t\t\t<div class=\"yotu-video-thumb-wrp\">\n\t\t\t\t\t\t<div>\n\t\t\t\t\t\t\t\t\t\t\t\t\t\t<img decoding=\"async\" class=\"yotu-video-thumb\" src=\"https:\/\/i.ytimg.com\/vi\/dXAJn-tgP0Q\/sddefault.jpg\" alt=\"360.Spotlight - Brandon Kohut\">\t\n\t\t\t\t\t\t\t\t\t\t\t\t\t<\/div>\n\t\t\t\t\t<\/div>\n\t\t\t\t\t\t\t\t\t\t\t<h3 class=\"yotu-video-title\">360.Spotlight - Brandon Kohut<\/h3>\n\t\t\t\t\t\t\t\t\t\t\t\t\t\t\t\t\t\t\t<\/a>\n\t\t\t\t\t\t\t<\/li>\n\t\t\t\t\n\t\t\t\t\t\t<li class=\"\">\n\t\t\t\t\t\t\t\t<a href=\"#TC5P-9pzYLo\" class=\"yotu-video\" data-videoid=\"TC5P-9pzYLo\" data-title=\"360.Spotlight - S\u00e9bastien\" title=\"360.Spotlight - S\u00e9bastien\">\n\t\t\t\t\t<div class=\"yotu-video-thumb-wrp\">\n\t\t\t\t\t\t<div>\n\t\t\t\t\t\t\t\t\t\t\t\t\t\t<img decoding=\"async\" class=\"yotu-video-thumb\" src=\"https:\/\/i.ytimg.com\/vi\/TC5P-9pzYLo\/sddefault.jpg\" alt=\"360.Spotlight - S\u00e9bastien\">\t\n\t\t\t\t\t\t\t\t\t\t\t\t\t<\/div>\n\t\t\t\t\t<\/div>\n\t\t\t\t\t\t\t\t\t\t\t<h3 class=\"yotu-video-title\">360.Spotlight - S\u00e9bastien<\/h3>\n\t\t\t\t\t\t\t\t\t\t\t\t\t\t\t\t\t\t\t<\/a>\n\t\t\t\t\t\t\t<\/li>\n\t\t\t\t\n\t\t\t\t\t\t<li class=\"\">\n\t\t\t\t\t\t\t\t<a href=\"#9V94CJ6-V44\" class=\"yotu-video\" data-videoid=\"9V94CJ6-V44\" data-title=\"360.Spotlight - Sabrina\" title=\"360.Spotlight - Sabrina\">\n\t\t\t\t\t<div class=\"yotu-video-thumb-wrp\">\n\t\t\t\t\t\t<div>\n\t\t\t\t\t\t\t\t\t\t\t\t\t\t<img decoding=\"async\" class=\"yotu-video-thumb\" src=\"https:\/\/i.ytimg.com\/vi\/9V94CJ6-V44\/sddefault.jpg\" alt=\"360.Spotlight - Sabrina\">\t\n\t\t\t\t\t\t\t\t\t\t\t\t\t<\/div>\n\t\t\t\t\t<\/div>\n\t\t\t\t\t\t\t\t\t\t\t<h3 class=\"yotu-video-title\">360.Spotlight - Sabrina<\/h3>\n\t\t\t\t\t\t\t\t\t\t\t\t\t\t\t\t\t\t\t<\/a>\n\t\t\t\t\t\t\t<\/li>\n\t\t\t\t\n\t\t\t\t\t\t<li class=\"\">\n\t\t\t\t\t\t\t\t<a href=\"#L08-mx92q0s\" class=\"yotu-video\" data-videoid=\"L08-mx92q0s\" data-title=\"Private video\" title=\"Private video\">\n\t\t\t\t\t<div class=\"yotu-video-thumb-wrp\">\n\t\t\t\t\t\t<div>\n\t\t\t\t\t\t\t\t\t\t\t\t\t\t<img decoding=\"async\" class=\"yotu-video-thumb\" src=\"\" alt=\"Private video\">\t\n\t\t\t\t\t\t\t\t\t\t\t\t\t<\/div>\n\t\t\t\t\t<\/div>\n\t\t\t\t\t\t\t\t\t\t\t<h3 class=\"yotu-video-title\">Private video<\/h3>\n\t\t\t\t\t\t\t\t\t\t\t\t\t\t\t\t\t\t\t<\/a>\n\t\t\t\t\t\t\t<\/li>\n\t\t\t\t\n\t\t\t\t\t\t<li class=\"\">\n\t\t\t\t\t\t\t\t<a href=\"#WmNVgkD3C_Y\" class=\"yotu-video\" data-videoid=\"WmNVgkD3C_Y\" data-title=\"360.Spotlight - Matthew\" title=\"360.Spotlight - Matthew\">\n\t\t\t\t\t<div class=\"yotu-video-thumb-wrp\">\n\t\t\t\t\t\t<div>\n\t\t\t\t\t\t\t\t\t\t\t\t\t\t<img decoding=\"async\" class=\"yotu-video-thumb\" src=\"https:\/\/i.ytimg.com\/vi\/WmNVgkD3C_Y\/sddefault.jpg\" alt=\"360.Spotlight - Matthew\">\t\n\t\t\t\t\t\t\t\t\t\t\t\t\t<\/div>\n\t\t\t\t\t<\/div>\n\t\t\t\t\t\t\t\t\t\t\t<h3 class=\"yotu-video-title\">360.Spotlight - Matthew<\/h3>\n\t\t\t\t\t\t\t\t\t\t\t\t\t\t\t\t\t\t\t<\/a>\n\t\t\t\t\t\t\t<\/li>\n\t\t\t\t\n\t\t\t\t\t\t<li class=\"\">\n\t\t\t\t\t\t\t\t<a href=\"#mw-wgE21EEU\" class=\"yotu-video\" data-videoid=\"mw-wgE21EEU\" data-title=\"360.Spotlight - Jonathan\" title=\"360.Spotlight - Jonathan\">\n\t\t\t\t\t<div class=\"yotu-video-thumb-wrp\">\n\t\t\t\t\t\t<div>\n\t\t\t\t\t\t\t\t\t\t\t\t\t\t<img decoding=\"async\" class=\"yotu-video-thumb\" src=\"https:\/\/i.ytimg.com\/vi\/mw-wgE21EEU\/sddefault.jpg\" alt=\"360.Spotlight - Jonathan\">\t\n\t\t\t\t\t\t\t\t\t\t\t\t\t<\/div>\n\t\t\t\t\t<\/div>\n\t\t\t\t\t\t\t\t\t\t\t<h3 class=\"yotu-video-title\">360.Spotlight - Jonathan<\/h3>\n\t\t\t\t\t\t\t\t\t\t\t\t\t\t\t\t\t\t\t<\/a>\n\t\t\t\t\t\t\t<\/li>\n\t\t\t\t\n\t\t\t\t\t\t<li class=\" yotu-last\">\n\t\t\t\t\t\t\t\t<a href=\"#16-pCd72yYw\" class=\"yotu-video\" data-videoid=\"16-pCd72yYw\" data-title=\"360.Spotlight - Lucien\" title=\"360.Spotlight - Lucien\">\n\t\t\t\t\t<div class=\"yotu-video-thumb-wrp\">\n\t\t\t\t\t\t<div>\n\t\t\t\t\t\t\t\t\t\t\t\t\t\t<img decoding=\"async\" class=\"yotu-video-thumb\" src=\"https:\/\/i.ytimg.com\/vi\/16-pCd72yYw\/sddefault.jpg\" alt=\"360.Spotlight - Lucien\">\t\n\t\t\t\t\t\t\t\t\t\t\t\t\t<\/div>\n\t\t\t\t\t<\/div>\n\t\t\t\t\t\t\t\t\t\t\t<h3 class=\"yotu-video-title\">360.Spotlight - Lucien<\/h3>\n\t\t\t\t\t\t\t\t\t\t\t\t\t\t\t\t\t\t\t<\/a>\n\t\t\t\t\t\t\t<\/li>\n\t\t\t\t\n\t\t\t\t<\/ul>\n<\/div>\t\t\t\t<\/div>\n\t\t\t<\/div>\n<p>[\/vc_column_text][vc_empty_space height=\u00a0\u00bb30px\u00a0\u00bb][vc_custom_heading text=\u00a0\u00bbD\u00e9couvrez plus de vid\u00e9os sur notre chaine YouTube\u00a0\u00bb font_container=\u00a0\u00bbtag:div|text_align:center\u00a0\u00bb google_fonts=\u00a0\u00bbfont_family:Roboto%3A100%2C100italic%2C300%2C300italic%2Cregular%2Citalic%2C500%2C500italic%2C700%2C700italic%2C900%2C900italic|font_style:400%20regular%3A400%3Anormal\u00a0\u00bb link=\u00a0\u00bburl:https%3A%2F%2Fwww.youtube.com%2Fchannel%2FUCW_KTNCIkbBdCJYZUSACJBQ||target:%20_blank|\u00a0\u00bb css=\u00a0\u00bb.vc_custom_1568642132293{margin-top: 10px !important;margin-right: 0px !important;margin-bottom: 50px !important;margin-left: 0px !important;border-top-width: 0px !important;border-right-width: 0px !important;border-bottom-width: 0px !important;border-left-width: 0px !important;padding-top: 0px !important;padding-right: 0px !important;padding-bottom: 0px !important;padding-left: 0px !important;}\u00a0\u00bb el_class=\u00a0\u00bblink_primary\u00a0\u00bb][\/vc_column_inner][\/vc_row_inner][vc_empty_space height=\u00a0\u00bb60px\u00a0\u00bb][\/vc_column][\/vc_row]<\/p>\n<\/div><!-- AddThis Advanced Settings generic via filter on the_content --><!-- AddThis Share Buttons generic via filter on the_content -->","protected":false},"excerpt":{"rendered":"<p>[vc_row full_width=\u00a0\u00bbstretch_row_content\u00a0\u00bb content_placement=\u00a0\u00bbtop\u00a0\u00bb css=\u00a0\u00bb.vc_custom_1578684837764{margin-top: 0px !important;margin-right: 0px !important;margin-bottom: 0px !important;margin-left: 0px !important;border-top-width: 0px !important;border-right-width: 0px !important;border-bottom-width: 0px !important;border-left-width: 0px !important;padding-top: 0px !important;padding-right: 0px !important;padding-bottom: 0px !important;padding-left: 0px !important;background: #ffffff url(https:\/\/360.agency\/wp-content\/uploads\/2020\/01\/header-2020-1.jpg?id=20597) !important;}\u00a0\u00bb el_class=\u00a0\u00bbrow-header\u00a0\u00bb][vc_column offset=\u00a0\u00bbvc_hidden-sm vc_hidden-xs\u00a0\u00bb][vc_row_inner css=\u00a0\u00bb.vc_custom_1566835982525{margin-top: 80px !important;margin-bottom: 80px !important;}\u00a0\u00bb][vc_column_inner][vc_custom_heading text=\u00a0\u00bbLumi\u00e8re sur les m\u00e9tiers 360.Agency\u00a0\u00bb font_container=\u00a0\u00bbtag:h1|font_size:60px|text_align:center|color:%23ffffff|line_height:65px\u00a0\u00bb google_fonts=\u00a0\u00bbfont_family:Roboto%3A100%2C100italic%2C300%2C300italic%2Cregular%2Citalic%2C500%2C500italic%2C700%2C700italic%2C900%2C900italic|font_style:300%20light%20regular%3A300%3Anormal\u00a0\u00bb el_class=\u00a0\u00bbtitle_secondary\u00a0\u00bb][\/vc_column_inner][\/vc_row_inner][\/vc_column][\/vc_row][vc_row full_width=\u00a0\u00bbstretch_row_content_no_spaces\u00a0\u00bb content_placement=\u00a0\u00bbtop\u00a0\u00bb css=\u00a0\u00bb.vc_custom_1578684869922{margin-top: 0px !important;margin-right: 0px !important;margin-bottom: 0px &hellip; <\/p>\n<p class=\"link-more\"><a href=\"https:\/\/360.agency\/fr\/lumiere-metiers-360-agency\/\" class=\"more-link\">Continuer la lecture<span class=\"screen-reader-text\"> de &laquo;&nbsp;Archives &#8211; Lumi\u00e8re sur les m\u00e9tiers\u00a0360.Agency&nbsp;&raquo;<\/span><\/a><\/p>\n<p><!-- AddThis Advanced Settings generic via filter on get_the_excerpt --><!-- AddThis Share Buttons generic via filter on get_the_excerpt --><\/p>\n","protected":false},"author":26,"featured_media":0,"parent":0,"menu_order":0,"comment_status":"closed","ping_status":"closed","template":"","meta":{"footnotes":""},"class_list":["post-18643","page","type-page","status-publish","hentry"],"yoast_head":"<!-- This site is optimized with the Yoast SEO plugin v27.4 - https:\/\/yoast.com\/product\/yoast-seo-wordpress\/ -->\n<title>Archives - Lumi\u00e8re sur les m\u00e9tiers\u00a0360.Agency &#8226; 360.Agency<\/title>\n<meta name=\"description\" content=\"Les talents de l\u2019agence pr\u00e9sentent en vid\u00e9os leurs m\u00e9tiers, leurs responsabilit\u00e9s et leurs challenges au sein de l\u2019agence.\" \/>\n<meta name=\"robots\" content=\"index, follow, max-snippet:-1, max-image-preview:large, max-video-preview:-1\" \/>\n<link rel=\"canonical\" href=\"https:\/\/360.agency\/fr\/lumiere-metiers-360-agency\/\" \/>\n<meta property=\"og:locale\" content=\"fr_FR\" \/>\n<meta property=\"og:type\" content=\"article\" \/>\n<meta property=\"og:title\" content=\"Archives - Lumi\u00e8re sur les m\u00e9tiers\u00a0360.Agency &#8226; 360.Agency\" \/>\n<meta property=\"og:description\" content=\"Les talents de l\u2019agence pr\u00e9sentent en vid\u00e9os leurs m\u00e9tiers, leurs responsabilit\u00e9s et leurs challenges au sein de l\u2019agence.\" \/>\n<meta property=\"og:url\" content=\"https:\/\/360.agency\/fr\/lumiere-metiers-360-agency\/\" \/>\n<meta property=\"og:site_name\" content=\"360.Agency\" \/>\n<meta property=\"article:publisher\" content=\"https:\/\/www.facebook.com\/360.agencymtl\" \/>\n<meta property=\"article:modified_time\" content=\"2023-02-14T22:49:36+00:00\" \/>\n<meta name=\"twitter:card\" content=\"summary_large_image\" \/>\n<meta name=\"twitter:label1\" content=\"Dur\u00e9e de lecture est.\" \/>\n\t<meta name=\"twitter:data1\" content=\"3 minutes\" \/>\n<script type=\"application\/ld+json\" class=\"yoast-schema-graph\">{\"@context\":\"https:\\\/\\\/schema.org\",\"@graph\":[{\"@type\":\"WebPage\",\"@id\":\"https:\\\/\\\/360.agency\\\/fr\\\/lumiere-metiers-360-agency\\\/\",\"url\":\"https:\\\/\\\/360.agency\\\/fr\\\/lumiere-metiers-360-agency\\\/\",\"name\":\"Archives - Lumi\u00e8re sur les m\u00e9tiers\u00a0360.Agency &#8226; 360.Agency\",\"isPartOf\":{\"@id\":\"https:\\\/\\\/360.agency\\\/en\\\/#website\"},\"datePublished\":\"2019-09-12T18:29:50+00:00\",\"dateModified\":\"2023-02-14T22:49:36+00:00\",\"description\":\"Les talents de l\u2019agence pr\u00e9sentent en vid\u00e9os leurs m\u00e9tiers, leurs responsabilit\u00e9s et leurs challenges au sein de l\u2019agence.\",\"breadcrumb\":{\"@id\":\"https:\\\/\\\/360.agency\\\/fr\\\/lumiere-metiers-360-agency\\\/#breadcrumb\"},\"inLanguage\":\"fr-FR\",\"potentialAction\":[{\"@type\":\"ReadAction\",\"target\":[\"https:\\\/\\\/360.agency\\\/fr\\\/lumiere-metiers-360-agency\\\/\"]}]},{\"@type\":\"BreadcrumbList\",\"@id\":\"https:\\\/\\\/360.agency\\\/fr\\\/lumiere-metiers-360-agency\\\/#breadcrumb\",\"itemListElement\":[{\"@type\":\"ListItem\",\"position\":1,\"name\":\"Home\",\"item\":\"https:\\\/\\\/360.agency\\\/fr\\\/\"},{\"@type\":\"ListItem\",\"position\":2,\"name\":\"Archives &#8211; Lumi\u00e8re sur les m\u00e9tiers\u00a0360.Agency\"}]},{\"@type\":\"WebSite\",\"@id\":\"https:\\\/\\\/360.agency\\\/en\\\/#website\",\"url\":\"https:\\\/\\\/360.agency\\\/en\\\/\",\"name\":\"360.Agency\",\"description\":\"\",\"publisher\":{\"@id\":\"https:\\\/\\\/360.agency\\\/en\\\/#organization\"},\"potentialAction\":[{\"@type\":\"SearchAction\",\"target\":{\"@type\":\"EntryPoint\",\"urlTemplate\":\"https:\\\/\\\/360.agency\\\/en\\\/?s={search_term_string}\"},\"query-input\":{\"@type\":\"PropertyValueSpecification\",\"valueRequired\":true,\"valueName\":\"search_term_string\"}}],\"inLanguage\":\"fr-FR\"},{\"@type\":\"Organization\",\"@id\":\"https:\\\/\\\/360.agency\\\/en\\\/#organization\",\"name\":\"360.Agency\",\"url\":\"https:\\\/\\\/360.agency\\\/en\\\/\",\"logo\":{\"@type\":\"ImageObject\",\"inLanguage\":\"fr-FR\",\"@id\":\"https:\\\/\\\/360.agency\\\/en\\\/#\\\/schema\\\/logo\\\/image\\\/\",\"url\":\"https:\\\/\\\/360.agency\\\/wp-content\\\/uploads\\\/2021\\\/09\\\/logo_dark_360.agency-400x135-1.png\",\"contentUrl\":\"https:\\\/\\\/360.agency\\\/wp-content\\\/uploads\\\/2021\\\/09\\\/logo_dark_360.agency-400x135-1.png\",\"width\":400,\"height\":135,\"caption\":\"360.Agency\"},\"image\":{\"@id\":\"https:\\\/\\\/360.agency\\\/en\\\/#\\\/schema\\\/logo\\\/image\\\/\"},\"sameAs\":[\"https:\\\/\\\/www.facebook.com\\\/360.agencymtl\",\"https:\\\/\\\/www.instagram.com\\\/360.agencymtl\\\/\",\"https:\\\/\\\/www.linkedin.com\\\/company\\\/9325060\",\"https:\\\/\\\/www.youtube.com\\\/channel\\\/UCW_KTNCIkbBdCJYZUSACJBQ\"]}]}<\/script>\n<!-- \/ Yoast SEO plugin. -->","yoast_head_json":{"title":"Archives - Lumi\u00e8re sur les m\u00e9tiers\u00a0360.Agency &#8226; 360.Agency","description":"Les talents de l\u2019agence pr\u00e9sentent en vid\u00e9os leurs m\u00e9tiers, leurs responsabilit\u00e9s et leurs challenges au sein de l\u2019agence.","robots":{"index":"index","follow":"follow","max-snippet":"max-snippet:-1","max-image-preview":"max-image-preview:large","max-video-preview":"max-video-preview:-1"},"canonical":"https:\/\/360.agency\/fr\/lumiere-metiers-360-agency\/","og_locale":"fr_FR","og_type":"article","og_title":"Archives - Lumi\u00e8re sur les m\u00e9tiers\u00a0360.Agency &#8226; 360.Agency","og_description":"Les talents de l\u2019agence pr\u00e9sentent en vid\u00e9os leurs m\u00e9tiers, leurs responsabilit\u00e9s et leurs challenges au sein de l\u2019agence.","og_url":"https:\/\/360.agency\/fr\/lumiere-metiers-360-agency\/","og_site_name":"360.Agency","article_publisher":"https:\/\/www.facebook.com\/360.agencymtl","article_modified_time":"2023-02-14T22:49:36+00:00","twitter_card":"summary_large_image","twitter_misc":{"Dur\u00e9e de lecture est.":"3 minutes"},"schema":{"@context":"https:\/\/schema.org","@graph":[{"@type":"WebPage","@id":"https:\/\/360.agency\/fr\/lumiere-metiers-360-agency\/","url":"https:\/\/360.agency\/fr\/lumiere-metiers-360-agency\/","name":"Archives - Lumi\u00e8re sur les m\u00e9tiers\u00a0360.Agency &#8226; 360.Agency","isPartOf":{"@id":"https:\/\/360.agency\/en\/#website"},"datePublished":"2019-09-12T18:29:50+00:00","dateModified":"2023-02-14T22:49:36+00:00","description":"Les talents de l\u2019agence pr\u00e9sentent en vid\u00e9os leurs m\u00e9tiers, leurs responsabilit\u00e9s et leurs challenges au sein de l\u2019agence.","breadcrumb":{"@id":"https:\/\/360.agency\/fr\/lumiere-metiers-360-agency\/#breadcrumb"},"inLanguage":"fr-FR","potentialAction":[{"@type":"ReadAction","target":["https:\/\/360.agency\/fr\/lumiere-metiers-360-agency\/"]}]},{"@type":"BreadcrumbList","@id":"https:\/\/360.agency\/fr\/lumiere-metiers-360-agency\/#breadcrumb","itemListElement":[{"@type":"ListItem","position":1,"name":"Home","item":"https:\/\/360.agency\/fr\/"},{"@type":"ListItem","position":2,"name":"Archives &#8211; Lumi\u00e8re sur les m\u00e9tiers\u00a0360.Agency"}]},{"@type":"WebSite","@id":"https:\/\/360.agency\/en\/#website","url":"https:\/\/360.agency\/en\/","name":"360.Agency","description":"","publisher":{"@id":"https:\/\/360.agency\/en\/#organization"},"potentialAction":[{"@type":"SearchAction","target":{"@type":"EntryPoint","urlTemplate":"https:\/\/360.agency\/en\/?s={search_term_string}"},"query-input":{"@type":"PropertyValueSpecification","valueRequired":true,"valueName":"search_term_string"}}],"inLanguage":"fr-FR"},{"@type":"Organization","@id":"https:\/\/360.agency\/en\/#organization","name":"360.Agency","url":"https:\/\/360.agency\/en\/","logo":{"@type":"ImageObject","inLanguage":"fr-FR","@id":"https:\/\/360.agency\/en\/#\/schema\/logo\/image\/","url":"https:\/\/360.agency\/wp-content\/uploads\/2021\/09\/logo_dark_360.agency-400x135-1.png","contentUrl":"https:\/\/360.agency\/wp-content\/uploads\/2021\/09\/logo_dark_360.agency-400x135-1.png","width":400,"height":135,"caption":"360.Agency"},"image":{"@id":"https:\/\/360.agency\/en\/#\/schema\/logo\/image\/"},"sameAs":["https:\/\/www.facebook.com\/360.agencymtl","https:\/\/www.instagram.com\/360.agencymtl\/","https:\/\/www.linkedin.com\/company\/9325060","https:\/\/www.youtube.com\/channel\/UCW_KTNCIkbBdCJYZUSACJBQ"]}]}},"jetpack_sharing_enabled":true,"_links":{"self":[{"href":"https:\/\/360.agency\/fr\/wp-json\/wp\/v2\/pages\/18643","targetHints":{"allow":["GET"]}}],"collection":[{"href":"https:\/\/360.agency\/fr\/wp-json\/wp\/v2\/pages"}],"about":[{"href":"https:\/\/360.agency\/fr\/wp-json\/wp\/v2\/types\/page"}],"author":[{"embeddable":true,"href":"https:\/\/360.agency\/fr\/wp-json\/wp\/v2\/users\/26"}],"replies":[{"embeddable":true,"href":"https:\/\/360.agency\/fr\/wp-json\/wp\/v2\/comments?post=18643"}],"version-history":[{"count":9,"href":"https:\/\/360.agency\/fr\/wp-json\/wp\/v2\/pages\/18643\/revisions"}],"predecessor-version":[{"id":34072,"href":"https:\/\/360.agency\/fr\/wp-json\/wp\/v2\/pages\/18643\/revisions\/34072"}],"wp:attachment":[{"href":"https:\/\/360.agency\/fr\/wp-json\/wp\/v2\/media?parent=18643"}],"curies":[{"name":"wp","href":"https:\/\/api.w.org\/{rel}","templated":true}]}}